{"id":1924,"date":"2025-02-24T21:35:13","date_gmt":"2025-02-24T21:35:13","guid":{"rendered":"https:\/\/synergymarketingai.com\/?page_id=1924"},"modified":"2025-12-01T20:19:43","modified_gmt":"2025-12-01T20:19:43","slug":"blog-2","status":"publish","type":"page","link":"https:\/\/synergygroup.ai\/es\/blog-2\/","title":{"rendered":"Blog"},"content":{"rendered":"<div data-elementor-type=\"wp-page\" data-elementor-id=\"1924\" class=\"elementor elementor-1924\" data-elementor-post-type=\"page\">\n\t\t\t\t<div class=\"elementor-element elementor-element-8f4c357 e-flex e-con-boxed e-con e-parent\" data-id=\"8f4c357\" data-element_type=\"container\" data-e-type=\"container\" data-settings=\"{&quot;background_background&quot;:&quot;classic&quot;}\">\n\t\t\t\t\t<div class=\"e-con-inner\">\n\t\t<div class=\"elementor-element elementor-element-95cce47 e-con-full e-flex e-con e-child\" data-id=\"95cce47\" data-element_type=\"container\" data-e-type=\"container\" data-settings=\"{&quot;background_background&quot;:&quot;classic&quot;}\">\n\t\t<div class=\"elementor-element elementor-element-bee8ac4 e-con-full e-flex e-con e-child\" data-id=\"bee8ac4\" data-element_type=\"container\" data-e-type=\"container\">\n\t\t\t\t<div class=\"elementor-element elementor-element-b07c50f elementor-widget elementor-widget-image\" data-id=\"b07c50f\" data-element_type=\"widget\" data-e-type=\"widget\" data-widget_type=\"image.default\">\n\t\t\t\t<div class=\"elementor-widget-container\">\n\t\t\t\t\t\t\t\t\t\t\t\t\t\t\t<img decoding=\"async\" width=\"150\" height=\"150\" src=\"https:\/\/synergygroup.ai\/wp-content\/uploads\/2025\/10\/icono_blog-150x150.png\" class=\"attachment-thumbnail size-thumbnail wp-image-3416\" alt=\"\" srcset=\"https:\/\/synergygroup.ai\/wp-content\/uploads\/2025\/10\/icono_blog-150x150.png 150w, https:\/\/synergygroup.ai\/wp-content\/uploads\/2025\/10\/icono_blog-12x12.png 12w, https:\/\/synergygroup.ai\/wp-content\/uploads\/2025\/10\/icono_blog.png 301w\" sizes=\"(max-width: 150px) 100vw, 150px\" \/>\t\t\t\t\t\t\t\t\t\t\t\t\t\t\t<\/div>\n\t\t\t\t<\/div>\n\t\t\t\t<\/div>\n\t\t<div class=\"elementor-element elementor-element-0810289 e-con-full e-flex e-con e-child\" data-id=\"0810289\" data-element_type=\"container\" data-e-type=\"container\">\n\t\t\t\t<div class=\"elementor-element elementor-element-8efc635 elementor-widget elementor-widget-heading\" data-id=\"8efc635\" data-element_type=\"widget\" data-e-type=\"widget\" data-widget_type=\"heading.default\">\n\t\t\t\t<div class=\"elementor-widget-container\">\n\t\t\t\t\t<h2 class=\"elementor-heading-title elementor-size-default\">Blog<\/h2>\t\t\t\t<\/div>\n\t\t\t\t<\/div>\n\t\t\t\t<\/div>\n\t\t\t\t<\/div>\n\t\t\t\t\t<\/div>\n\t\t\t\t<\/div>\n\t\t<div class=\"elementor-element elementor-element-c725e1b e-flex e-con-boxed elementor-invisible e-con e-parent\" data-id=\"c725e1b\" data-element_type=\"container\" data-e-type=\"container\" data-settings=\"{&quot;animation&quot;:&quot;slideInUp&quot;}\">\n\t\t\t\t\t<div class=\"e-con-inner\">\n\t\t\t\t<div class=\"elementor-element elementor-element-ebb7304 section-title-style-style1 title_position_default title_hover_border_default title-default img_hover_animation_default readmore-btn-default-style grid-hover-overlay-type-always tpg-el-box-border-enable tpg-border-bottom-disable elementor-widget elementor-widget-tpg-grid-layout\" data-id=\"ebb7304\" data-element_type=\"widget\" data-e-type=\"widget\" data-widget_type=\"tpg-grid-layout.default\">\n\t\t\t\t<div class=\"elementor-widget-container\">\n\t\t\t\t\t\t\t<div class=\"rt-container-fluid rt-tpg-container tpg-el-main-wrapper clearfix grid-layout1-main\"\n\t\t\t id=\"rt-tpg-container-2885223439\"\n\t\t\t data-layout=\"grid-layout1\"\n\t\t\t data-grid-style=\"tpg-full-height\"\n\t\t\t data-sc-id=\"elementor\"\n\t\t\t data-el-settings=''\n\t\t\t data-el-query=''\n\t\t\t data-el-path=''\n\t\t>\n\t\t\t\t\t\t<div class='tpg-header-wrapper'>\n\t\t\t\t\n        <div class=\"tpg-widget-heading-wrapper rt-clear heading-style1\">\n            <span class=\"tpg-widget-heading-line line-left\"><\/span>\n            <h2 class='tpg-widget-heading'>\n            \n                                    <span>\n\t\t\t\t\t\tPost\t\t\t\t\t<\/span>\n                    \n                            <\/h2>            <span class=\"tpg-widget-heading-line line-right\"><\/span>\n\n            \n        <\/div>\n\n        \n        \t\t\t<\/div>\n\n\t\t\t<div data-title=\"Loading ...\" class=\"rt-row rt-content-loader grid-layout1 grid-behaviour tpg-full-height grid_layout_wrapper\">\n\t\t\t\t<div class=\"rt-col-md-4 rt-col-sm-6 rt-col-xs-12 default rt-grid-item post-4713 post type-post status-publish format-standard has-post-thumbnail hentry category-blog\"        data-id=\"4713\">\n    <div class=\"rt-holder tpg-post-holder\">\n        <div class=\"rt-detail rt-el-content-wrapper\">\n\t\t\t                <div class=\"rt-img-holder tpg-el-image-wrap has-thumbnail\">\n\t\t\t\t\t<a data-id=\"4713\" href=\"https:\/\/synergygroup.ai\/es\/the-problem-no-one-talks-about-in-legal-collections-and-healthcare-and-why-it-still-matters-2\/\" class=\"tpg-post-link\" target=\"_self\">                        <img fetchpriority=\"high\" decoding=\"async\" src=\"https:\/\/synergygroup.ai\/wp-content\/uploads\/2026\/04\/blog_Etherfax-768x768.png\"\n                             class=\"rt-img-responsive\"\n                             width=\"768\"\n                             height=\"768\"\n                             alt=\"The Problem No One Talks About in Legal, Collections, and Healthcare and Why It Still Matters\">\n                        \n                            \n        <\/a>\n                <div class=\"overlay grid-hover-content\"><\/div>\n                        <\/div>\n\t\t\t\n\t\t\t<div class=\"entry-title-wrapper\"><h3 class=\"entry-title\"><a data-id=\"4713\" href=\"https:\/\/synergygroup.ai\/es\/the-problem-no-one-talks-about-in-legal-collections-and-healthcare-and-why-it-still-matters-2\/\" class=\"tpg-post-link\" target=\"_self\">The Problem No One Talks About in Legal, Collections, and Healthcare and Why It Still Matters<\/a><\/h3><\/div>\n\t\t\t\n\n\t\t\t\n\t\t\t        <div class=\"post-footer\">\n            <div class=\"post-footer\">\n                <div class=\"read-more\">\n                    <a data-id=\"4713\" href=\"https:\/\/synergygroup.ai\/es\/the-problem-no-one-talks-about-in-legal-collections-and-healthcare-and-why-it-still-matters-2\/\" class=\"tpg-post-link\" target=\"_self\">Read More<\/a>                <\/div>\n            <\/div>\n        <\/div>\n                <\/div>\n    <\/div>\n<\/div>\n<div class=\"rt-col-md-4 rt-col-sm-6 rt-col-xs-12 default rt-grid-item post-4645 post type-post status-publish format-standard has-post-thumbnail hentry category-blog\"        data-id=\"4645\">\n    <div class=\"rt-holder tpg-post-holder\">\n        <div class=\"rt-detail rt-el-content-wrapper\">\n\t\t\t                <div class=\"rt-img-holder tpg-el-image-wrap has-thumbnail\">\n\t\t\t\t\t<a data-id=\"4645\" href=\"https:\/\/synergygroup.ai\/es\/ai-and-the-new-productivity-model-for-smbs\/\" class=\"tpg-post-link\" target=\"_self\">                        <img decoding=\"async\" src=\"https:\/\/synergygroup.ai\/wp-content\/uploads\/2026\/03\/New_Productivity_blog_synergy-768x768.png\"\n                             class=\"rt-img-responsive\"\n                             width=\"768\"\n                             height=\"768\"\n                             alt=\"AI and the New Productivity Model for SMBs\">\n                        \n                            \n        <\/a>\n                <div class=\"overlay grid-hover-content\"><\/div>\n                        <\/div>\n\t\t\t\n\t\t\t<div class=\"entry-title-wrapper\"><h3 class=\"entry-title\"><a data-id=\"4645\" href=\"https:\/\/synergygroup.ai\/es\/ai-and-the-new-productivity-model-for-smbs\/\" class=\"tpg-post-link\" target=\"_self\">AI and the New Productivity Model for SMBs<\/a><\/h3><\/div>\n\t\t\t\n\n\t\t\t\n\t\t\t        <div class=\"post-footer\">\n            <div class=\"post-footer\">\n                <div class=\"read-more\">\n                    <a data-id=\"4645\" href=\"https:\/\/synergygroup.ai\/es\/ai-and-the-new-productivity-model-for-smbs\/\" class=\"tpg-post-link\" target=\"_self\">Read More<\/a>                <\/div>\n            <\/div>\n        <\/div>\n                <\/div>\n    <\/div>\n<\/div>\n<div class=\"rt-col-md-4 rt-col-sm-6 rt-col-xs-12 default rt-grid-item post-4630 post type-post status-publish format-standard has-post-thumbnail hentry category-blog\"        data-id=\"4630\">\n    <div class=\"rt-holder tpg-post-holder\">\n        <div class=\"rt-detail rt-el-content-wrapper\">\n\t\t\t                <div class=\"rt-img-holder tpg-el-image-wrap has-thumbnail\">\n\t\t\t\t\t<a data-id=\"4630\" href=\"https:\/\/synergygroup.ai\/es\/why-integrated-collaboration-platforms-are-becoming-the-operating-system-of-modern-work\/\" class=\"tpg-post-link\" target=\"_self\">                        <img loading=\"lazy\" decoding=\"async\" src=\"https:\/\/synergygroup.ai\/wp-content\/uploads\/2026\/03\/blog_800x800-768x769.png\"\n                             class=\"rt-img-responsive\"\n                             width=\"768\"\n                             height=\"769\"\n                             alt=\"Why Integrated Collaboration Platforms Are Becoming the Operating System of Modern Work\">\n                        \n                            \n        <\/a>\n                <div class=\"overlay grid-hover-content\"><\/div>\n                        <\/div>\n\t\t\t\n\t\t\t<div class=\"entry-title-wrapper\"><h3 class=\"entry-title\"><a data-id=\"4630\" href=\"https:\/\/synergygroup.ai\/es\/why-integrated-collaboration-platforms-are-becoming-the-operating-system-of-modern-work\/\" class=\"tpg-post-link\" target=\"_self\">Why Integrated Collaboration Platforms Are Becoming the Operating System of Modern Work<\/a><\/h3><\/div>\n\t\t\t\n\n\t\t\t\n\t\t\t        <div class=\"post-footer\">\n            <div class=\"post-footer\">\n                <div class=\"read-more\">\n                    <a data-id=\"4630\" href=\"https:\/\/synergygroup.ai\/es\/why-integrated-collaboration-platforms-are-becoming-the-operating-system-of-modern-work\/\" class=\"tpg-post-link\" target=\"_self\">Read More<\/a>                <\/div>\n            <\/div>\n        <\/div>\n                <\/div>\n    <\/div>\n<\/div>\n<div class=\"rt-col-md-4 rt-col-sm-6 rt-col-xs-12 default rt-grid-item post-4246 post type-post status-publish format-standard has-post-thumbnail hentry category-blog\"        data-id=\"4246\">\n    <div class=\"rt-holder tpg-post-holder\">\n        <div class=\"rt-detail rt-el-content-wrapper\">\n\t\t\t                <div class=\"rt-img-holder tpg-el-image-wrap has-thumbnail\">\n\t\t\t\t\t<a data-id=\"4246\" href=\"https:\/\/synergygroup.ai\/es\/how-the-collections-industry-must-rethink-customer-engagement-to-protect-revenue\/\" class=\"tpg-post-link\" target=\"_self\">                        <img loading=\"lazy\" decoding=\"async\" src=\"https:\/\/synergygroup.ai\/wp-content\/uploads\/2026\/01\/BLOG_-Collections_Industry_03.png\"\n                             class=\"rt-img-responsive\"\n                             width=\"600\"\n                             height=\"601\"\n                             alt=\"How the Collections Industry Must Rethink Customer Engagement to Protect Revenue\">\n                        \n                            \n        <\/a>\n                <div class=\"overlay grid-hover-content\"><\/div>\n                        <\/div>\n\t\t\t\n\t\t\t<div class=\"entry-title-wrapper\"><h3 class=\"entry-title\"><a data-id=\"4246\" href=\"https:\/\/synergygroup.ai\/es\/how-the-collections-industry-must-rethink-customer-engagement-to-protect-revenue\/\" class=\"tpg-post-link\" target=\"_self\">C\u00f3mo Debe la Industria de Cobros Replantearse el Engagement con el Cliente para Proteger los Ingresos<\/a><\/h3><\/div>\n\t\t\t\n\n\t\t\t\n\t\t\t        <div class=\"post-footer\">\n            <div class=\"post-footer\">\n                <div class=\"read-more\">\n                    <a data-id=\"4246\" href=\"https:\/\/synergygroup.ai\/es\/how-the-collections-industry-must-rethink-customer-engagement-to-protect-revenue\/\" class=\"tpg-post-link\" target=\"_self\">Read More<\/a>                <\/div>\n            <\/div>\n        <\/div>\n                <\/div>\n    <\/div>\n<\/div>\n<div class=\"rt-col-md-4 rt-col-sm-6 rt-col-xs-12 default rt-grid-item post-3722 post type-post status-publish format-standard has-post-thumbnail hentry category-blog\"        data-id=\"3722\">\n    <div class=\"rt-holder tpg-post-holder\">\n        <div class=\"rt-detail rt-el-content-wrapper\">\n\t\t\t                <div class=\"rt-img-holder tpg-el-image-wrap has-thumbnail\">\n\t\t\t\t\t<a data-id=\"3722\" href=\"https:\/\/synergygroup.ai\/es\/agentic-ai-the-autonomous-strategy-that-transforms-how-businesses-act\/\" class=\"tpg-post-link\" target=\"_self\">                        <img loading=\"lazy\" decoding=\"async\" src=\"https:\/\/synergygroup.ai\/wp-content\/uploads\/2025\/11\/blog_nov19-768x768.png\"\n                             class=\"rt-img-responsive\"\n                             width=\"768\"\n                             height=\"768\"\n                             alt=\"Agentic AI: The Autonomous Strategy That Transforms How Businesses Act\">\n                        \n                            \n        <\/a>\n                <div class=\"overlay grid-hover-content\"><\/div>\n                        <\/div>\n\t\t\t\n\t\t\t<div class=\"entry-title-wrapper\"><h3 class=\"entry-title\"><a data-id=\"3722\" href=\"https:\/\/synergygroup.ai\/es\/agentic-ai-the-autonomous-strategy-that-transforms-how-businesses-act\/\" class=\"tpg-post-link\" target=\"_self\">Agentic AI: La Estrategia Aut\u00f3noma que  Cambia las Prioridades de las Empresas<\/a><\/h3><\/div>\n\t\t\t\n\n\t\t\t\n\t\t\t        <div class=\"post-footer\">\n            <div class=\"post-footer\">\n                <div class=\"read-more\">\n                    <a data-id=\"3722\" href=\"https:\/\/synergygroup.ai\/es\/agentic-ai-the-autonomous-strategy-that-transforms-how-businesses-act\/\" class=\"tpg-post-link\" target=\"_self\">Read More<\/a>                <\/div>\n            <\/div>\n        <\/div>\n                <\/div>\n    <\/div>\n<\/div>\n<div class=\"rt-col-md-4 rt-col-sm-6 rt-col-xs-12 default rt-grid-item post-3549 post type-post status-publish format-standard has-post-thumbnail hentry category-blog\"        data-id=\"3549\">\n    <div class=\"rt-holder tpg-post-holder\">\n        <div class=\"rt-detail rt-el-content-wrapper\">\n\t\t\t                <div class=\"rt-img-holder tpg-el-image-wrap has-thumbnail\">\n\t\t\t\t\t<a data-id=\"3549\" href=\"https:\/\/synergygroup.ai\/es\/when-ai-starts-to-think-for-itself-the-agentic-revolution-begins\/\" class=\"tpg-post-link\" target=\"_self\">                        <img loading=\"lazy\" decoding=\"async\" src=\"https:\/\/synergygroup.ai\/wp-content\/uploads\/2025\/10\/blog_27oct-768x768.png\"\n                             class=\"rt-img-responsive\"\n                             width=\"768\"\n                             height=\"768\"\n                             alt=\"When AI Starts to Think for Itself: The Agentic Revolution Begins\">\n                        \n                            \n        <\/a>\n                <div class=\"overlay grid-hover-content\"><\/div>\n                        <\/div>\n\t\t\t\n\t\t\t<div class=\"entry-title-wrapper\"><h3 class=\"entry-title\"><a data-id=\"3549\" href=\"https:\/\/synergygroup.ai\/es\/when-ai-starts-to-think-for-itself-the-agentic-revolution-begins\/\" class=\"tpg-post-link\" target=\"_self\">El despertar de la AI aut\u00f3noma: As\u00ed inicia la revoluci\u00f3n ag\u00e9ntica<\/a><\/h3><\/div>\n\t\t\t\n\n\t\t\t\n\t\t\t        <div class=\"post-footer\">\n            <div class=\"post-footer\">\n                <div class=\"read-more\">\n                    <a data-id=\"3549\" href=\"https:\/\/synergygroup.ai\/es\/when-ai-starts-to-think-for-itself-the-agentic-revolution-begins\/\" class=\"tpg-post-link\" target=\"_self\">Read More<\/a>                <\/div>\n            <\/div>\n        <\/div>\n                <\/div>\n    <\/div>\n<\/div>\n<div class=\"rt-col-md-4 rt-col-sm-6 rt-col-xs-12 default rt-grid-item post-3128 post type-post status-publish format-standard has-post-thumbnail hentry category-blog\"        data-id=\"3128\">\n    <div class=\"rt-holder tpg-post-holder\">\n        <div class=\"rt-detail rt-el-content-wrapper\">\n\t\t\t                <div class=\"rt-img-holder tpg-el-image-wrap has-thumbnail\">\n\t\t\t\t\t<a data-id=\"3128\" href=\"https:\/\/synergygroup.ai\/es\/where-are-you-losing-revenue-growth-leak-checklist-for-sales-teams\/\" class=\"tpg-post-link\" target=\"_self\">                        <img loading=\"lazy\" decoding=\"async\" src=\"https:\/\/synergygroup.ai\/wp-content\/uploads\/2025\/09\/BLOG-30SEP.png\"\n                             class=\"rt-img-responsive\"\n                             width=\"601\"\n                             height=\"601\"\n                             alt=\"Where Are You Losing Revenue? Growth Leak Checklist for Sales Teams\">\n                        \n                            \n        <\/a>\n                <div class=\"overlay grid-hover-content\"><\/div>\n                        <\/div>\n\t\t\t\n\t\t\t<div class=\"entry-title-wrapper\"><h3 class=\"entry-title\"><a data-id=\"3128\" href=\"https:\/\/synergygroup.ai\/es\/where-are-you-losing-revenue-growth-leak-checklist-for-sales-teams\/\" class=\"tpg-post-link\" target=\"_self\">\u00bfEst\u00e1 perdiendo ingresos? Lista de verificaci\u00f3n de fugas de crecimiento para equipos SaaS<\/a><\/h3><\/div>\n\t\t\t\n\n\t\t\t\n\t\t\t        <div class=\"post-footer\">\n            <div class=\"post-footer\">\n                <div class=\"read-more\">\n                    <a data-id=\"3128\" href=\"https:\/\/synergygroup.ai\/es\/where-are-you-losing-revenue-growth-leak-checklist-for-sales-teams\/\" class=\"tpg-post-link\" target=\"_self\">Read More<\/a>                <\/div>\n            <\/div>\n        <\/div>\n                <\/div>\n    <\/div>\n<\/div>\n<div class=\"rt-col-md-4 rt-col-sm-6 rt-col-xs-12 default rt-grid-item post-3100 post type-post status-publish format-standard has-post-thumbnail hentry category-blog\"        data-id=\"3100\">\n    <div class=\"rt-holder tpg-post-holder\">\n        <div class=\"rt-detail rt-el-content-wrapper\">\n\t\t\t                <div class=\"rt-img-holder tpg-el-image-wrap has-thumbnail\">\n\t\t\t\t\t<a data-id=\"3100\" href=\"https:\/\/synergygroup.ai\/es\/3-quick-wins-from-the-field-small-tweaks-that-power-your-business\/\" class=\"tpg-post-link\" target=\"_self\">                        <img loading=\"lazy\" decoding=\"async\" src=\"https:\/\/synergygroup.ai\/wp-content\/uploads\/2025\/09\/3-Quick-Wins-from-the-Field_BLOG-768x768.png\"\n                             class=\"rt-img-responsive\"\n                             width=\"768\"\n                             height=\"768\"\n                             alt=\"3 Quick Wins from the Field: Small Tweaks that Power your Business\">\n                        \n                            \n        <\/a>\n                <div class=\"overlay grid-hover-content\"><\/div>\n                        <\/div>\n\t\t\t\n\t\t\t<div class=\"entry-title-wrapper\"><h3 class=\"entry-title\"><a data-id=\"3100\" href=\"https:\/\/synergygroup.ai\/es\/3-quick-wins-from-the-field-small-tweaks-that-power-your-business\/\" class=\"tpg-post-link\" target=\"_self\">Victorias R\u00e1pidas con Peque\u00f1os Ajustes, que Impulsan su Compa\u00f1\u00eda<\/a><\/h3><\/div>\n\t\t\t\n\n\t\t\t\n\t\t\t        <div class=\"post-footer\">\n            <div class=\"post-footer\">\n                <div class=\"read-more\">\n                    <a data-id=\"3100\" href=\"https:\/\/synergygroup.ai\/es\/3-quick-wins-from-the-field-small-tweaks-that-power-your-business\/\" class=\"tpg-post-link\" target=\"_self\">Read More<\/a>                <\/div>\n            <\/div>\n        <\/div>\n                <\/div>\n    <\/div>\n<\/div>\n<div class=\"rt-col-md-4 rt-col-sm-6 rt-col-xs-12 default rt-grid-item post-3085 post type-post status-publish format-standard has-post-thumbnail hentry category-blog\"        data-id=\"3085\">\n    <div class=\"rt-holder tpg-post-holder\">\n        <div class=\"rt-detail rt-el-content-wrapper\">\n\t\t\t                <div class=\"rt-img-holder tpg-el-image-wrap has-thumbnail\">\n\t\t\t\t\t<a data-id=\"3085\" href=\"https:\/\/synergygroup.ai\/es\/five-essential-trends-for-growth-in-the-fourth-quarter-of-2025\/\" class=\"tpg-post-link\" target=\"_self\">                        <img loading=\"lazy\" decoding=\"async\" src=\"https:\/\/synergygroup.ai\/wp-content\/uploads\/2025\/08\/Blog.png\"\n                             class=\"rt-img-responsive\"\n                             width=\"601\"\n                             height=\"601\"\n                             alt=\"Five Essential Trends for Growth in the Fourth Quarter of 2025\">\n                        \n                            \n        <\/a>\n                <div class=\"overlay grid-hover-content\"><\/div>\n                        <\/div>\n\t\t\t\n\t\t\t<div class=\"entry-title-wrapper\"><h3 class=\"entry-title\"><a data-id=\"3085\" href=\"https:\/\/synergygroup.ai\/es\/five-essential-trends-for-growth-in-the-fourth-quarter-of-2025\/\" class=\"tpg-post-link\" target=\"_self\">Cinco Tendencias Escenciales  para Crecer en el Cuarto Trimestre  de 2025<\/a><\/h3><\/div>\n\t\t\t\n\n\t\t\t\n\t\t\t        <div class=\"post-footer\">\n            <div class=\"post-footer\">\n                <div class=\"read-more\">\n                    <a data-id=\"3085\" href=\"https:\/\/synergygroup.ai\/es\/five-essential-trends-for-growth-in-the-fourth-quarter-of-2025\/\" class=\"tpg-post-link\" target=\"_self\">Read More<\/a>                <\/div>\n            <\/div>\n        <\/div>\n                <\/div>\n    <\/div>\n<\/div>\n\t\t\t<\/div>\n\t\t\t<div class='rt-pagination-wrap' data-total-pages='3' data-posts-per-page='10' data-type='pagination'><div class=\"rt-pagination\"><ul class=\"pagination-list\"><li class=\"active\"><span>1<\/span><\/li><li><a data-paged='2' href='https:\/\/synergygroup.ai\/es\/wp-json\/wp\/v2\/pages\/1924\/page\/2\/'>2<\/a><\/li><li><a data-paged='3' href='https:\/\/synergygroup.ai\/es\/wp-json\/wp\/v2\/pages\/1924\/page\/3\/'>3<\/a><\/li><\/ul><\/div><\/div>\n\t\t<\/div>\n\t\t\t\t\t\t<\/div>\n\t\t\t\t<\/div>\n\t\t\t\t\t<\/div>\n\t\t\t\t<\/div>\n\t\t\t\t<\/div>","protected":false},"excerpt":{"rendered":"<p>Blog Post Agentic AI: The Autonomous Strategy That Transforms How Businesses Act Read More When AI Starts to Think for Itself: The Agentic Revolution Begins Read More Where Are You Losing Revenue? Growth Leak Checklist for Sales Teams Read More 3 Quick Wins from the Field: Small Tweaks that Power your Business Read More Five [&hellip;]<\/p>\n","protected":false},"author":1,"featured_media":0,"parent":0,"menu_order":0,"comment_status":"closed","ping_status":"closed","template":"","meta":{"content-type":"","site-sidebar-layout":"no-sidebar","site-content-layout":"page-builder","ast-site-content-layout":"full-width-container","site-content-style":"default","site-sidebar-style":"default","ast-global-header-display":"","ast-banner-title-visibility":"","ast-main-header-display":"","ast-hfb-above-header-display":"","ast-hfb-below-header-display":"","ast-hfb-mobile-header-display":"","site-post-title":"disabled","ast-breadcrumbs-content":"","ast-featured-img":"disabled","footer-sml-layout":"","theme-transparent-header-meta":"","adv-header-id-meta":"","stick-header-meta":"","header-above-stick-meta":"","header-main-stick-meta":"","header-below-stick-meta":"","astra-migrate-meta-layouts":"set","ast-page-background-enabled":"default","ast-page-background-meta":{"desktop":{"background-color":"var(--ast-global-color-4)","background-image":"","background-repeat":"repeat","background-position":"center center","background-size":"auto","background-attachment":"scroll","background-type":"","background-media":"","overlay-type":"","overlay-color":"","overlay-opacity":"","overlay-gradient":""},"tablet":{"background-color":"","background-image":"","background-repeat":"repeat","background-position":"center center","background-size":"auto","background-attachment":"scroll","background-type":"","background-media":"","overlay-type":"","overlay-color":"","overlay-opacity":"","overlay-gradient":""},"mobile":{"background-color":"","background-image":"","background-repeat":"repeat","background-position":"center center","background-size":"auto","background-attachment":"scroll","background-type":"","background-media":"","overlay-type":"","overlay-color":"","overlay-opacity":"","overlay-gradient":""}},"ast-content-background-meta":{"desktop":{"background-color":"var(--ast-global-color-5)","background-image":"","background-repeat":"repeat","background-position":"center center","background-size":"auto","background-attachment":"scroll","background-type":"","background-media":"","overlay-type":"","overlay-color":"","overlay-opacity":"","overlay-gradient":""},"tablet":{"background-color":"var(--ast-global-color-5)","background-image":"","background-repeat":"repeat","background-position":"center center","background-size":"auto","background-attachment":"scroll","background-type":"","background-media":"","overlay-type":"","overlay-color":"","overlay-opacity":"","overlay-gradient":""},"mobile":{"background-color":"var(--ast-global-color-5)","background-image":"","background-repeat":"repeat","background-position":"center center","background-size":"auto","background-attachment":"scroll","background-type":"","background-media":"","overlay-type":"","overlay-color":"","overlay-opacity":"","overlay-gradient":""}},"footnotes":""},"class_list":["post-1924","page","type-page","status-publish","hentry"],"rttpg_featured_image_url":null,"rttpg_author":{"display_name":"andres.gomez","author_link":"https:\/\/synergygroup.ai\/es\/author\/andres-gomez\/"},"rttpg_comment":0,"rttpg_category":"","rttpg_excerpt":"Blog Post Agentic AI: The Autonomous Strategy That Transforms How Businesses Act Read More When AI Starts to Think for Itself: The Agentic Revolution Begins Read More Where Are You Losing Revenue? Growth Leak Checklist for Sales Teams Read More 3 Quick Wins from the Field: Small Tweaks that Power your Business Read More Five&hellip;","_links":{"self":[{"href":"https:\/\/synergygroup.ai\/es\/wp-json\/wp\/v2\/pages\/1924","targetHints":{"allow":["GET"]}}],"collection":[{"href":"https:\/\/synergygroup.ai\/es\/wp-json\/wp\/v2\/pages"}],"about":[{"href":"https:\/\/synergygroup.ai\/es\/wp-json\/wp\/v2\/types\/page"}],"author":[{"embeddable":true,"href":"https:\/\/synergygroup.ai\/es\/wp-json\/wp\/v2\/users\/1"}],"replies":[{"embeddable":true,"href":"https:\/\/synergygroup.ai\/es\/wp-json\/wp\/v2\/comments?post=1924"}],"version-history":[{"count":46,"href":"https:\/\/synergygroup.ai\/es\/wp-json\/wp\/v2\/pages\/1924\/revisions"}],"predecessor-version":[{"id":3851,"href":"https:\/\/synergygroup.ai\/es\/wp-json\/wp\/v2\/pages\/1924\/revisions\/3851"}],"wp:attachment":[{"href":"https:\/\/synergygroup.ai\/es\/wp-json\/wp\/v2\/media?parent=1924"}],"curies":[{"name":"wp","href":"https:\/\/api.w.org\/{rel}","templated":true}]}}