{"id":2217,"date":"2025-03-05T14:24:15","date_gmt":"2025-03-05T14:24:15","guid":{"rendered":"https:\/\/synergymarketingai.com\/?page_id=2217"},"modified":"2025-03-06T12:54:47","modified_gmt":"2025-03-06T12:54:47","slug":"new-full-ai-service-agency-launches-with-a-marketing-as-a-service-maas-model-to-support-saas-companies-in-the-americas","status":"publish","type":"page","link":"https:\/\/synergygroup.ai\/es\/new-full-ai-service-agency-launches-with-a-marketing-as-a-service-maas-model-to-support-saas-companies-in-the-americas\/","title":{"rendered":"Nueva Agencia de Servicios Completos de IA Lanza un Modelo de Marketing como Servicio (MaaS) para Apoyar a las Empresas de SaaS\nen las Am\u00e9ricas"},"content":{"rendered":"<div data-elementor-type=\"wp-page\" data-elementor-id=\"2217\" class=\"elementor elementor-2217\" data-elementor-post-type=\"page\">\n\t\t\t\t<div class=\"elementor-element elementor-element-e9e8c55 e-flex e-con-boxed e-con e-parent\" data-id=\"e9e8c55\" data-element_type=\"container\" data-e-type=\"container\">\n\t\t\t\t\t<div class=\"e-con-inner\">\n\t\t\t\t<div class=\"elementor-element elementor-element-86f5ce2 elementor-widget elementor-widget-text-editor\" data-id=\"86f5ce2\" data-element_type=\"widget\" data-e-type=\"widget\" data-widget_type=\"text-editor.default\">\n\t\t\t\t<div class=\"elementor-widget-container\">\n\t\t\t\t\t\t\t\t\t<p>Marzo 04, 2025<\/p>\t\t\t\t\t\t\t\t<\/div>\n\t\t\t\t<\/div>\n\t\t\t\t<div class=\"elementor-element elementor-element-bbcf4ea elementor-widget elementor-widget-heading\" data-id=\"bbcf4ea\" data-element_type=\"widget\" data-e-type=\"widget\" data-widget_type=\"heading.default\">\n\t\t\t\t<div class=\"elementor-widget-container\">\n\t\t\t\t\t<h2 class=\"elementor-heading-title elementor-size-default\">Nueva Agencia de Servicios Completos de IA Lanza un Modelo de Marketing como Servicio (MaaS) para Apoyar a las Empresas de SaaS\nen las Am\u00e9ricas<\/h2>\t\t\t\t<\/div>\n\t\t\t\t<\/div>\n\t\t\t\t<div class=\"elementor-element elementor-element-a66578a elementor-widget elementor-widget-heading\" data-id=\"a66578a\" data-element_type=\"widget\" data-e-type=\"widget\" data-widget_type=\"heading.default\">\n\t\t\t\t<div class=\"elementor-widget-container\">\n\t\t\t\t\t<h5 class=\"elementor-heading-title elementor-size-default\">Synergy Marketing AI fue fundada por John Colvin (CEO) y Maria Wever (CSO), con el apoyo\nde un equipo de l\u00edderes experimentados en la industria del Marketing y la tecnolog\u00eda SaaS.\n<\/h5>\t\t\t\t<\/div>\n\t\t\t\t<\/div>\n\t\t\t\t<div class=\"elementor-element elementor-element-d469e64 elementor-widget elementor-widget-text-editor\" data-id=\"d469e64\" data-element_type=\"widget\" data-e-type=\"widget\" data-widget_type=\"text-editor.default\">\n\t\t\t\t<div class=\"elementor-widget-container\">\n\t\t\t\t\t\t\t\t\t<p><b>Miami, FL - March 4, 2025 <\/b><span style=\"font-weight: 400;\">\u2013 <\/span><span style=\"text-decoration: underline;\"><a href=\"https:\/\/synergygroup.ai\/es\/\"><span style=\"font-weight: 400;\">En Synergy Marketing AI<\/span><\/a><\/span><span style=\"font-weight: 400;\"> una nueva agencia de Marketing\ncon servicio completo de inteligencia artificial (IA), debut\u00f3 recientemente con un enfoque\nbasado en el modelo de Marketing como Servicio (MaaS), dise\u00f1ado espec\u00edficamente para\nempoderar a las empresas y permitirles prosperar en el entorno competitivo actual. Su enfoque combina IA avanzada, la experiencia de profesionales, asociaciones estrat\u00e9gicas y ofertas personalizadas, posicionando a Synergy Marketing AI para ayudar a las empresas a aumentar el conocimiento de sus marca y mejorar su posici\u00f3n general en el mercado a trav\u00e9s del engagement con el cliente.<\/span><\/p><p><span style=\"font-weight: 400;\">Synergy Marketing AI es una agencia de nicho, con un enfoque centrado en estrategias\npersonalizadas, conocimientos impulsados por IA y un crecimiento medible. Ofrece a las empresas la oportunidad de conectar con sus audiencias, optimizar la eficiencia del Marketing y lograr resultados medibles, generando al mismo tiempo nuevos ingresos.<\/span><\/p><p><b>IA Generativa en Marketing<\/b><\/p><p><span style=\"font-weight: 400;\">Una presentaci\u00f3n reciente de Gartner titulada <\/span><span style=\"text-decoration: underline;\"><a href=\"https:\/\/emt.gartnerweb.com\/ngw\/globalassets\/en\/marketing\/documents\/use-genai-to-enhance-content-pillar.pdf?_gl=1*qiai8o*_gcl_aw*R0NMLjE3Mzg3MDQwODcuQ2owS0NRaUFrb2U5QmhEWUFSSXNBSDg1Y0RQODRQUDM1XzVENDBwb0p5MC05ejZMXzhiNm9KY2hMU2FvVkxLMzE0QjBpdUo2aDlrdGtNSWFBdlFSRUFMd193Y0I.*_gcl_au*MTM4OTM2NDcwNC4xNzM4NzA0MDg3LjIxMTI4NTU3MC4xNzM4NzkzMDk5LjE3Mzg3OTMwOTk.*_ga*OTE0MTc5NDQ0LjE3Mzg3MDQwODU.*_ga_R1W5CE5FEV*MTczODc5MzA0Ni4yLjEuMTczODc5MzA5OS43LjAuMA..\"><span style=\"font-weight: 400;\">\u201cUtilizar la IA generativa para mejorar el contenido y la experiencia del cliente\u201d 1<\/span><\/a><\/span><a href=\"https:\/\/emt.gartnerweb.com\/ngw\/globalassets\/en\/marketing\/documents\/use-genai-to-enhance-content-pillar.pdf?_gl=1*qiai8o*_gcl_aw*R0NMLjE3Mzg3MDQwODcuQ2owS0NRaUFrb2U5QmhEWUFSSXNBSDg1Y0RQODRQUDM1XzVENDBwb0p5MC05ejZMXzhiNm9KY2hMU2FvVkxLMzE0QjBpdUo2aDlrdGtNSWFBdlFSRUFMd193Y0I.*_gcl_au*MTM4OTM2NDcwNC4xNzM4NzA0MDg3LjIxMTI4NTU3MC4xNzM4NzkzMDk5LjE3Mzg3OTMwOTk.*_ga*OTE0MTc5NDQ0LjE3Mzg3MDQwODU.*_ga_R1W5CE5FEV*MTczODc5MzA0Ni4yLjEuMTczODc5MzA5OS43LjAuMA..\"><span style=\"font-weight: 400;\"><em> 1<\/em><\/span><\/a><span style=\"font-weight: 400;\"> subraya el impacto de la IA generativa en la creaci\u00f3n de contenido y la experiencia del cliente (CX). Gartner anima a los l\u00edderes empresariales a adoptar estrategias de Marketing pr\u00e1cticas que enciendan la creatividad y ofrezcan experiencias\npersonalizadas, aprovechando al m\u00e1ximo el potencial de la IA generativa.<\/span><\/p><p><b>Oferta de Synergy Marketing AI<\/b><\/p><ul><li><b>Experiencia bajo demanda:<\/b><span style=\"font-weight: 400;\"> El equipo de la agencia utiliza las \u00faltimas herramientas y estrategias para potenciar las marcas y respaldar el crecimiento sostenible.<\/span><\/li><li><b>Soluciones de Marketing Personalizadas:<\/b><span style=\"font-weight: 400;\"> Desde el mapeo del recorrido del cliente\nhasta las campa\u00f1as hiperpersonalizadas, la agencia adapta cada estrategia para\najustarse a los objetivos de negocio de sus clientes.<\/span><\/li><li><b>Soluciones Rentables<\/b><span style=\"font-weight: 400;\">El modelo flexible de MaaS permite a las empresas optimizar sus presupuestos de Marketing mientras maximizan el impacto.<\/span><\/li><\/ul><p><span style=\"font-weight: 400;\">\"El panorama del Marketing est\u00e1 evolucionando r\u00e1pidamente y las empresas deben adaptarse para mantener su ventaja competitiva\", dijo John Colvin, CEO y cofundador de Synergy Marketing AI. \"Nuestro objetivo es brindar soluciones de Marketing inteligentes e informaci\u00f3n impulsada por IA que fomente el crecimiento empresarial\". Y agreg\u00f3: \"Ya sea que nuestros clientes est\u00e9n afinando sus estrategias existentes o explorando nuevas y oportunidades, nos dedicamos a generar resultados medibles que impulsen el \u00e9xito\".<\/span><\/p><p><span style=\"font-weight: 400;\">Seg\u00fan el art\u00edculo<\/span><a href=\"https:\/\/www.demanddrive.com\/resources\/top-10-trends-for-saas-sales-and-marketing-leaders-to-watch-in-2025\/#:~:text=Top%2010%20Trends%20for%20SaaS%20Sales%20and%20Marketing,7.%20Embracing%20data-driven%20decision%20making%20...%20More%20items\"><span style=\"font-weight: 400;\"><span style=\"text-decoration: underline;\">Top 10 Trends for SaaS Sales and Marketing Leaders to Watch in 2025<\/span>&#8220;<\/span><\/a><span style=\"font-weight: 400;\"><em>2<\/em> publicado por <\/span><a href=\"https:\/\/www.demanddrive.com\/\"><span style=\"font-weight: 400;\">demandDrive<\/span><\/a><span style=\"font-weight: 400;\">la velocidad es esencial para capturar y convertir clientes potenciales en la industria de SaaS. Un proceso optimizado de calificaci\u00f3n de clientespotenciales permite a los equipos centrarse en los clientes potenciales de alta intenci\u00f3n, lo queacelera el ciclo de ventas y mejora la eficiencia. Synergy Marketing AI se compromete a ayudar a las empresas a maximizar su potencial y tener \u00e9xito en el din\u00e1mico entorno empresarial actual.\u00a0<\/span><\/p><p><span style=\"font-weight: 400;\">Para obtener m\u00e1s informaci\u00f3n sobre Synergy Marketing AI y sus servicios innovadores, visite: <\/span><span style=\"text-decoration: underline;\"><a href=\"https:\/\/synergygroup.ai\/es\/\"><span style=\"font-weight: 400;\">www.synergymarketingai.com<\/span><\/a><\/span><span style=\"font-weight: 400;\">.<\/span><\/p><p><b>Acerca de Synergy Marketing AI<\/b><\/p><p><span style=\"font-weight: 400;\">Synergy Marketing AI Agency ayuda a las empresas de SaaS y tecnolog\u00eda a lograr un crecimiento excepcional a trav\u00e9s de un marketing inteligente impulsado por IA. Nuestro equipo global ofrece estrategias localizadas y servicios integrales, maximizando el retorno de la inversi\u00f3n a trav\u00e9s de estrechas asociaciones con los clientes.<\/span><\/p><p><span style=\"font-weight: 400;\">Contacto:<br \/><\/span><span style=\"font-weight: 400;\">Maria Wever, Fundadora y CSO<br \/><\/span><span style=\"text-decoration: underline;\"><a href=\"mailto:maria.wever@synergymarketingai.com\"><span style=\"font-weight: 400;\">maria.wever@synergymarketingai.com<\/span><\/a><\/span><\/p>\t\t\t\t\t\t\t\t<\/div>\n\t\t\t\t<\/div>\n\t\t\t\t<div class=\"elementor-element elementor-element-cb7f5c1 elementor-widget-divider--view-line elementor-widget elementor-widget-divider\" data-id=\"cb7f5c1\" data-element_type=\"widget\" data-e-type=\"widget\" data-widget_type=\"divider.default\">\n\t\t\t\t<div class=\"elementor-widget-container\">\n\t\t\t\t\t\t\t<div class=\"elementor-divider\">\n\t\t\t<span class=\"elementor-divider-separator\">\n\t\t\t\t\t\t<\/span>\n\t\t<\/div>\n\t\t\t\t\t\t<\/div>\n\t\t\t\t<\/div>\n\t\t\t\t\t<\/div>\n\t\t\t\t<\/div>\n\t\t<div class=\"elementor-element elementor-element-efd62a2 e-flex e-con-boxed e-con e-parent\" data-id=\"efd62a2\" data-element_type=\"container\" data-e-type=\"container\">\n\t\t\t\t\t<div class=\"e-con-inner\">\n\t\t\t\t<div class=\"elementor-element elementor-element-1da00f2 elementor-widget elementor-widget-text-editor\" data-id=\"1da00f2\" data-element_type=\"widget\" data-e-type=\"widget\" data-widget_type=\"text-editor.default\">\n\t\t\t\t<div class=\"elementor-widget-container\">\n\t\t\t\t\t\t\t\t\t<ol><li>Gartner para l\u00edderes de Marketing - Utilice la IA generativa para mejorar el contenido y la experiencia del cliente - Gartner para\nl\u00edderes de marketing<br \/>de Gartner<\/li><li>Las 10 principales tendencias a tener en cuenta para los l\u00edderes de ventas y marketing de SaaS en 2025\" publicado por demandDrive y escrito por Aj Alonso,<br \/>Alex Ellison \u2013 17 de diciembre de 2024<\/li><\/ol>\t\t\t\t\t\t\t\t<\/div>\n\t\t\t\t<\/div>\n\t\t\t\t<div class=\"elementor-element elementor-element-d67c837 elementor-position-inline-start elementor-view-default elementor-mobile-position-block-start elementor-widget elementor-widget-icon-box\" data-id=\"d67c837\" data-element_type=\"widget\" data-e-type=\"widget\" data-widget_type=\"icon-box.default\">\n\t\t\t\t<div class=\"elementor-widget-container\">\n\t\t\t\t\t\t\t<div class=\"elementor-icon-box-wrapper\">\n\n\t\t\t\t\t\t<div class=\"elementor-icon-box-icon\">\n\t\t\t\t<a href=\"https:\/\/synergygroup.ai\/es\/newsletter\/\" class=\"elementor-icon\" tabindex=\"-1\" aria-label=\"Regresar\">\n\t\t\t\t<svg aria-hidden=\"true\" class=\"e-font-icon-svg e-fas-arrow-left\" viewbox=\"0 0 448 512\" xmlns=\"http:\/\/www.w3.org\/2000\/svg\"><path d=\"M257.5 445.1l-22.2 22.2c-9.4 9.4-24.6 9.4-33.9 0L7 273c-9.4-9.4-9.4-24.6 0-33.9L201.4 44.7c9.4-9.4 24.6-9.4 33.9 0l22.2 22.2c9.5 9.5 9.3 25-.4 34.3L136.6 216H424c13.3 0 24 10.7 24 24v32c0 13.3-10.7 24-24 24H136.6l120.5 114.8c9.8 9.3 10 24.8.4 34.3z\"><\/path><\/svg>\t\t\t\t<\/a>\n\t\t\t<\/div>\n\t\t\t\n\t\t\t\t\t\t<div class=\"elementor-icon-box-content\">\n\n\t\t\t\t\t\t\t\t\t<h3 class=\"elementor-icon-box-title\">\n\t\t\t\t\t\t<a href=\"https:\/\/synergygroup.ai\/es\/newsletter\/\" >\n\t\t\t\t\t\t\tRegresar\t\t\t\t\t\t<\/a>\n\t\t\t\t\t<\/h3>\n\t\t\t\t\n\t\t\t\t\n\t\t\t<\/div>\n\t\t\t\n\t\t<\/div>\n\t\t\t\t\t\t<\/div>\n\t\t\t\t<\/div>\n\t\t\t\t\t<\/div>\n\t\t\t\t<\/div>\n\t\t\t\t<\/div>","protected":false},"excerpt":{"rendered":"<p>March 04, 2025 New Full-AI Service Agency, Launches with a Marketing-as-a-Service (MaaS) Model to Support SaaS Companies in the Americas Synergy Marketing AI was founded by John Colvin, CEO, and Maria Wever CSO, supported by a team of experienced SaaS technology and Marketing Industry Leaders. Miami, FL &#8211;\u00a0March 4, 2025 \u2013 Synergy Marketing AI a [&hellip;]<\/p>\n","protected":false},"author":1,"featured_media":0,"parent":0,"menu_order":0,"comment_status":"closed","ping_status":"closed","template":"","meta":{"content-type":"","site-sidebar-layout":"no-sidebar","site-content-layout":"page-builder","ast-site-content-layout":"full-width-container","site-content-style":"default","site-sidebar-style":"default","ast-global-header-display":"","ast-banner-title-visibility":"","ast-main-header-display":"","ast-hfb-above-header-display":"","ast-hfb-below-header-display":"","ast-hfb-mobile-header-display":"","site-post-title":"disabled","ast-breadcrumbs-content":"","ast-featured-img":"disabled","footer-sml-layout":"","theme-transparent-header-meta":"","adv-header-id-meta":"","stick-header-meta":"","header-above-stick-meta":"","header-main-stick-meta":"","header-below-stick-meta":"","astra-migrate-meta-layouts":"set","ast-page-background-enabled":"default","ast-page-background-meta":{"desktop":{"background-color":"var(--ast-global-color-4)","background-image":"","background-repeat":"repeat","background-position":"center center","background-size":"auto","background-attachment":"scroll","background-type":"","background-media":"","overlay-type":"","overlay-color":"","overlay-opacity":"","overlay-gradient":""},"tablet":{"background-color":"","background-image":"","background-repeat":"repeat","background-position":"center center","background-size":"auto","background-attachment":"scroll","background-type":"","background-media":"","overlay-type":"","overlay-color":"","overlay-opacity":"","overlay-gradient":""},"mobile":{"background-color":"","background-image":"","background-repeat":"repeat","background-position":"center center","background-size":"auto","background-attachment":"scroll","background-type":"","background-media":"","overlay-type":"","overlay-color":"","overlay-opacity":"","overlay-gradient":""}},"ast-content-background-meta":{"desktop":{"background-color":"var(--ast-global-color-5)","background-image":"","background-repeat":"repeat","background-position":"center center","background-size":"auto","background-attachment":"scroll","background-type":"","background-media":"","overlay-type":"","overlay-color":"","overlay-opacity":"","overlay-gradient":""},"tablet":{"background-color":"var(--ast-global-color-5)","background-image":"","background-repeat":"repeat","background-position":"center center","background-size":"auto","background-attachment":"scroll","background-type":"","background-media":"","overlay-type":"","overlay-color":"","overlay-opacity":"","overlay-gradient":""},"mobile":{"background-color":"var(--ast-global-color-5)","background-image":"","background-repeat":"repeat","background-position":"center center","background-size":"auto","background-attachment":"scroll","background-type":"","background-media":"","overlay-type":"","overlay-color":"","overlay-opacity":"","overlay-gradient":""}},"footnotes":""},"class_list":["post-2217","page","type-page","status-publish","hentry"],"rttpg_featured_image_url":null,"rttpg_author":{"display_name":"andres.gomez","author_link":"https:\/\/synergygroup.ai\/es\/author\/andres-gomez\/"},"rttpg_comment":0,"rttpg_category":null,"rttpg_excerpt":"March 04, 2025 New Full-AI Service Agency, Launches with a Marketing-as-a-Service (MaaS) Model to Support SaaS Companies in the Americas Synergy Marketing AI was founded by John Colvin, CEO, and Maria Wever CSO, supported by a team of experienced SaaS technology and Marketing Industry Leaders. Miami, FL &#8211;\u00a0March 4, 2025 \u2013 Synergy Marketing AI a&hellip;","_links":{"self":[{"href":"https:\/\/synergygroup.ai\/es\/wp-json\/wp\/v2\/pages\/2217","targetHints":{"allow":["GET"]}}],"collection":[{"href":"https:\/\/synergygroup.ai\/es\/wp-json\/wp\/v2\/pages"}],"about":[{"href":"https:\/\/synergygroup.ai\/es\/wp-json\/wp\/v2\/types\/page"}],"author":[{"embeddable":true,"href":"https:\/\/synergygroup.ai\/es\/wp-json\/wp\/v2\/users\/1"}],"replies":[{"embeddable":true,"href":"https:\/\/synergygroup.ai\/es\/wp-json\/wp\/v2\/comments?post=2217"}],"version-history":[{"count":11,"href":"https:\/\/synergygroup.ai\/es\/wp-json\/wp\/v2\/pages\/2217\/revisions"}],"predecessor-version":[{"id":2650,"href":"https:\/\/synergygroup.ai\/es\/wp-json\/wp\/v2\/pages\/2217\/revisions\/2650"}],"wp:attachment":[{"href":"https:\/\/synergygroup.ai\/es\/wp-json\/wp\/v2\/media?parent=2217"}],"curies":[{"name":"wp","href":"https:\/\/api.w.org\/{rel}","templated":true}]}}