{"id":2285,"date":"2025-03-06T12:52:27","date_gmt":"2025-03-06T12:52:27","guid":{"rendered":"https:\/\/synergymarketingai.com\/?page_id=2285"},"modified":"2025-03-06T13:24:15","modified_gmt":"2025-03-06T13:24:15","slug":"news-2","status":"publish","type":"page","link":"https:\/\/synergygroup.ai\/es\/news-2\/","title":{"rendered":"News-2"},"content":{"rendered":"<div data-elementor-type=\"wp-page\" data-elementor-id=\"2285\" class=\"elementor elementor-2285\" data-elementor-post-type=\"page\">\n\t\t\t\t<div class=\"elementor-element elementor-element-97b554c e-flex e-con-boxed e-con e-parent\" data-id=\"97b554c\" data-element_type=\"container\" data-e-type=\"container\">\n\t\t\t\t\t<div class=\"e-con-inner\">\n\t\t\t\t<div class=\"elementor-element elementor-element-da73954 elementor-widget elementor-widget-text-editor\" data-id=\"da73954\" data-element_type=\"widget\" data-e-type=\"widget\" data-widget_type=\"text-editor.default\">\n\t\t\t\t<div class=\"elementor-widget-container\">\n\t\t\t\t\t\t\t\t\t<p>Marzo 06, 2025<\/p>\t\t\t\t\t\t\t\t<\/div>\n\t\t\t\t<\/div>\n\t\t\t\t<div class=\"elementor-element elementor-element-a29cfdd elementor-widget elementor-widget-heading\" data-id=\"a29cfdd\" data-element_type=\"widget\" data-e-type=\"widget\" data-widget_type=\"heading.default\">\n\t\t\t\t<div class=\"elementor-widget-container\">\n\t\t\t\t\t<h2 class=\"elementor-heading-title elementor-size-default\">Synergy Marketing AI nombra a John Colvin como nuevo CEO para liderar las innovaciones de Marketing impulsadas por la IA<\/h2>\t\t\t\t<\/div>\n\t\t\t\t<\/div>\n\t\t\t\t<div class=\"elementor-element elementor-element-c0b2e14 elementor-widget elementor-widget-text-editor\" data-id=\"c0b2e14\" data-element_type=\"widget\" data-e-type=\"widget\" data-widget_type=\"text-editor.default\">\n\t\t\t\t<div class=\"elementor-widget-container\">\n\t\t\t\t\t\t\t\t\t<p><strong>Miami, FL \u2013 6 de marzo de 2025<\/strong> \u2013 Synergy Marketing AI anunci\u00f3 el nombramiento de John Colvin como su nuevo Chief Executive Officer (CEO). Con una amplia experiencia en tecnolog\u00eda y Marketing, John aporta su gran trayectoria para liderar a la empresa hacia una nueva era de soluciones de Marketing impulsadas por inteligencia artificial (IA).<\/p><p><strong>Un L\u00edder Experto en Tecnolog\u00eda y Marketing<\/strong><\/p><p>La carrera de John Colvin abarca m\u00e1s de tres d\u00e9cadas, durante las cuales ha ocupado\ncargos de alto nivel en Marketing global en empresas de renombre como Avaya, Arrow\nElectronics, NEC y Siemens. Su experiencia incluye fusiones y adquisiciones, ventas,\ngesti\u00f3n de marca, Marketing digital y gesti\u00f3n de relaciones con los clientes. En particular, John Colvin se desempe\u00f1\u00f3 como  icepresidente de Marketing Global en\nArrow Electronics y como director Senior de Marketing para Socios Globales en Avaya,\ndonde construy\u00f3 y lider\u00f3 con \u00e9xito equipos de alto rendimiento en los mercados B2B y B2C.<\/p><p><strong>Impulsando la innovaci\u00f3n con la integraci\u00f3n de la IA<\/strong><\/p><p>Bajo el liderazgo de John, Synergy Marketing AI aprovechar\u00e1 la IA avanzada para crear campa\u00f1as de marketing impactantes y basadas en datos que capten la atenci\u00f3n, introduzcan nuevas tendencias y posicionen a los clientes como l\u00edderes en el mercado de SaaS.<\/p><p><strong>Un compromiso con la colaboraci\u00f3n y la excelencia<\/strong><\/p><p>El profundo conocimiento del mercado, su pasi\u00f3n por la innovaci\u00f3n y la probada\ntrayectoria de John en la conducci\u00f3n del cambio lo convierten en la opci\u00f3n ideal para\nacelerar el crecimiento de Synergy Marketing AI, en donde trabajar\u00e1 en estrecha\ncolaboraci\u00f3n con el experimentado equipo de profesionales de la industria, supervisando todas las operaciones de la empresa. Descubra c\u00f3mo Synergy Marketing AI puede ayudarle a alcanzar sus objetivos de marketing con la integraci\u00f3n de la IA visitando: <a href=\"https:\/\/synergygroup.ai.\" target=\"_blank\" rel=\"noopener\"><span style=\"text-decoration: underline;\">www.synergymarketingai.com.<\/span><\/a><\/p>\t\t\t\t\t\t\t\t<\/div>\n\t\t\t\t<\/div>\n\t\t\t\t\t<\/div>\n\t\t\t\t<\/div>\n\t\t<div class=\"elementor-element elementor-element-057d2b6 e-flex e-con-boxed e-con e-parent\" data-id=\"057d2b6\" data-element_type=\"container\" data-e-type=\"container\" data-settings=\"{&quot;background_background&quot;:&quot;classic&quot;}\">\n\t\t\t\t\t<div class=\"e-con-inner\">\n\t\t\t\t<div class=\"elementor-element elementor-element-0ef326a elementor-widget elementor-widget-text-editor\" data-id=\"0ef326a\" data-element_type=\"widget\" data-e-type=\"widget\" data-widget_type=\"text-editor.default\">\n\t\t\t\t<div class=\"elementor-widget-container\">\n\t\t\t\t\t\t\t\t\t<p><strong>Acerca de Synergy Marketing AI<\/strong><\/p><p>Synergy Marketing AI es una agencia con visi\u00f3n de futuro que aprovecha la inteligencia\nartificial para ofrecer soluciones de marketing innovadoras. Synergy, especializada en\nlos sectores de SaaS y tecnolog\u00eda, combina los conocimientos impulsados por la IA con\nla creatividad humana para crear campa\u00f1as que cautiven y convierten. Con un enfoque\nen contenido personalizado, estrategias basadas en datos y tecnolog\u00eda de vanguardia,\nSynergy se compromete a ayudar a los clientes a alcanzar sus objetivos de marketing y\nmantenerse a la vanguardia en un panorama competitivo.<\/p><p>Para obtener m\u00e1s informaci\u00f3n, visite <span style=\"text-decoration: underline;\"><a href=\"https:\/\/synergygroup.ai\/es\/\" target=\"_blank\" rel=\"noopener\">www.synergymarketingai.com<\/a><\/span> o p\u00f3ngase en contacto con Maria Wever en <span style=\"text-decoration: underline;\"><a href=\"mailto:maria.wever@synergymarketingai.com.\">maria.wever@synergymarketingai.com.<\/a><\/span><\/p>\t\t\t\t\t\t\t\t<\/div>\n\t\t\t\t<\/div>\n\t\t\t\t\t<\/div>\n\t\t\t\t<\/div>\n\t\t<div class=\"elementor-element elementor-element-4deecf2 e-flex e-con-boxed e-con e-parent\" data-id=\"4deecf2\" data-element_type=\"container\" data-e-type=\"container\">\n\t\t\t\t\t<div class=\"e-con-inner\">\n\t\t\t\t<div class=\"elementor-element elementor-element-34fb455 elementor-position-inline-start elementor-view-default elementor-mobile-position-block-start elementor-widget elementor-widget-icon-box\" data-id=\"34fb455\" data-element_type=\"widget\" data-e-type=\"widget\" data-widget_type=\"icon-box.default\">\n\t\t\t\t<div class=\"elementor-widget-container\">\n\t\t\t\t\t\t\t<div class=\"elementor-icon-box-wrapper\">\n\n\t\t\t\t\t\t<div class=\"elementor-icon-box-icon\">\n\t\t\t\t<a href=\"https:\/\/synergygroup.ai\/es\/newsletter\/\" class=\"elementor-icon\" tabindex=\"-1\" aria-label=\"Regresar\">\n\t\t\t\t<svg aria-hidden=\"true\" class=\"e-font-icon-svg e-fas-arrow-left\" viewbox=\"0 0 448 512\" xmlns=\"http:\/\/www.w3.org\/2000\/svg\"><path d=\"M257.5 445.1l-22.2 22.2c-9.4 9.4-24.6 9.4-33.9 0L7 273c-9.4-9.4-9.4-24.6 0-33.9L201.4 44.7c9.4-9.4 24.6-9.4 33.9 0l22.2 22.2c9.5 9.5 9.3 25-.4 34.3L136.6 216H424c13.3 0 24 10.7 24 24v32c0 13.3-10.7 24-24 24H136.6l120.5 114.8c9.8 9.3 10 24.8.4 34.3z\"><\/path><\/svg>\t\t\t\t<\/a>\n\t\t\t<\/div>\n\t\t\t\n\t\t\t\t\t\t<div class=\"elementor-icon-box-content\">\n\n\t\t\t\t\t\t\t\t\t<h3 class=\"elementor-icon-box-title\">\n\t\t\t\t\t\t<a href=\"https:\/\/synergygroup.ai\/es\/newsletter\/\" >\n\t\t\t\t\t\t\tRegresar\t\t\t\t\t\t<\/a>\n\t\t\t\t\t<\/h3>\n\t\t\t\t\n\t\t\t\t\n\t\t\t<\/div>\n\t\t\t\n\t\t<\/div>\n\t\t\t\t\t\t<\/div>\n\t\t\t\t<\/div>\n\t\t\t\t\t<\/div>\n\t\t\t\t<\/div>\n\t\t\t\t<\/div>","protected":false},"excerpt":{"rendered":"<p>March 06, 2025 Synergy Marketing AI Appoints John Colvin as New CEO to Lead AI-Driven Marketing Innovations Miami, FL \u2013 March 4, 2025 \u2013 Synergy Marketing AI announced the appointment of John Colvin as its new Chief Executive Officer. With an extensive background in technology and Marketing, John brings a wealth of expertise to lead [&hellip;]<\/p>\n","protected":false},"author":1,"featured_media":0,"parent":0,"menu_order":0,"comment_status":"closed","ping_status":"closed","template":"","meta":{"content-type":"","site-sidebar-layout":"no-sidebar","site-content-layout":"page-builder","ast-site-content-layout":"full-width-container","site-content-style":"default","site-sidebar-style":"default","ast-global-header-display":"","ast-banner-title-visibility":"","ast-main-header-display":"","ast-hfb-above-header-display":"","ast-hfb-below-header-display":"","ast-hfb-mobile-header-display":"","site-post-title":"disabled","ast-breadcrumbs-content":"","ast-featured-img":"disabled","footer-sml-layout":"","theme-transparent-header-meta":"","adv-header-id-meta":"","stick-header-meta":"","header-above-stick-meta":"","header-main-stick-meta":"","header-below-stick-meta":"","astra-migrate-meta-layouts":"set","ast-page-background-enabled":"default","ast-page-background-meta":{"desktop":{"background-color":"var(--ast-global-color-4)","background-image":"","background-repeat":"repeat","background-position":"center center","background-size":"auto","background-attachment":"scroll","background-type":"","background-media":"","overlay-type":"","overlay-color":"","overlay-opacity":"","overlay-gradient":""},"tablet":{"background-color":"","background-image":"","background-repeat":"repeat","background-position":"center center","background-size":"auto","background-attachment":"scroll","background-type":"","background-media":"","overlay-type":"","overlay-color":"","overlay-opacity":"","overlay-gradient":""},"mobile":{"background-color":"","background-image":"","background-repeat":"repeat","background-position":"center center","background-size":"auto","background-attachment":"scroll","background-type":"","background-media":"","overlay-type":"","overlay-color":"","overlay-opacity":"","overlay-gradient":""}},"ast-content-background-meta":{"desktop":{"background-color":"var(--ast-global-color-5)","background-image":"","background-repeat":"repeat","background-position":"center center","background-size":"auto","background-attachment":"scroll","background-type":"","background-media":"","overlay-type":"","overlay-color":"","overlay-opacity":"","overlay-gradient":""},"tablet":{"background-color":"var(--ast-global-color-5)","background-image":"","background-repeat":"repeat","background-position":"center center","background-size":"auto","background-attachment":"scroll","background-type":"","background-media":"","overlay-type":"","overlay-color":"","overlay-opacity":"","overlay-gradient":""},"mobile":{"background-color":"var(--ast-global-color-5)","background-image":"","background-repeat":"repeat","background-position":"center center","background-size":"auto","background-attachment":"scroll","background-type":"","background-media":"","overlay-type":"","overlay-color":"","overlay-opacity":"","overlay-gradient":""}},"footnotes":""},"class_list":["post-2285","page","type-page","status-publish","hentry"],"rttpg_featured_image_url":null,"rttpg_author":{"display_name":"andres.gomez","author_link":"https:\/\/synergygroup.ai\/es\/author\/andres-gomez\/"},"rttpg_comment":0,"rttpg_category":null,"rttpg_excerpt":"March 06, 2025 Synergy Marketing AI Appoints John Colvin as New CEO to Lead AI-Driven Marketing Innovations Miami, FL \u2013 March 4, 2025 \u2013 Synergy Marketing AI announced the appointment of John Colvin as its new Chief Executive Officer. With an extensive background in technology and Marketing, John brings a wealth of expertise to lead&hellip;","_links":{"self":[{"href":"https:\/\/synergygroup.ai\/es\/wp-json\/wp\/v2\/pages\/2285","targetHints":{"allow":["GET"]}}],"collection":[{"href":"https:\/\/synergygroup.ai\/es\/wp-json\/wp\/v2\/pages"}],"about":[{"href":"https:\/\/synergygroup.ai\/es\/wp-json\/wp\/v2\/types\/page"}],"author":[{"embeddable":true,"href":"https:\/\/synergygroup.ai\/es\/wp-json\/wp\/v2\/users\/1"}],"replies":[{"embeddable":true,"href":"https:\/\/synergygroup.ai\/es\/wp-json\/wp\/v2\/comments?post=2285"}],"version-history":[{"count":19,"href":"https:\/\/synergygroup.ai\/es\/wp-json\/wp\/v2\/pages\/2285\/revisions"}],"predecessor-version":[{"id":2314,"href":"https:\/\/synergygroup.ai\/es\/wp-json\/wp\/v2\/pages\/2285\/revisions\/2314"}],"wp:attachment":[{"href":"https:\/\/synergygroup.ai\/es\/wp-json\/wp\/v2\/media?parent=2285"}],"curies":[{"name":"wp","href":"https:\/\/api.w.org\/{rel}","templated":true}]}}