{"id":3048,"date":"2025-08-19T22:06:37","date_gmt":"2025-08-19T22:06:37","guid":{"rendered":"https:\/\/synergymarketingai.com\/?page_id=3048"},"modified":"2025-08-20T15:16:45","modified_gmt":"2025-08-20T15:16:45","slug":"synergy-marketing-ai-agency-appoints-mike-weis-as-chief-sales-officer","status":"publish","type":"page","link":"https:\/\/synergygroup.ai\/es\/synergy-marketing-ai-agency-appoints-mike-weis-as-chief-sales-officer\/","title":{"rendered":"Synergy Marketing AI designa a Mike Weiss como Chief Sales Officer para liderar su crecimiento"},"content":{"rendered":"<div data-elementor-type=\"wp-page\" data-elementor-id=\"3048\" class=\"elementor elementor-3048\" data-elementor-post-type=\"page\">\n\t\t\t\t<div class=\"elementor-element elementor-element-f0b46d2 e-flex e-con-boxed e-con e-parent\" data-id=\"f0b46d2\" data-element_type=\"container\" data-e-type=\"container\">\n\t\t\t\t\t<div class=\"e-con-inner\">\n\t\t\t\t<div class=\"elementor-element elementor-element-9366cef elementor-widget elementor-widget-text-editor\" data-id=\"9366cef\" data-element_type=\"widget\" data-e-type=\"widget\" data-widget_type=\"text-editor.default\">\n\t\t\t\t<div class=\"elementor-widget-container\">\n\t\t\t\t\t\t\t\t\t<p>Aug 20, 2025<\/p>\t\t\t\t\t\t\t\t<\/div>\n\t\t\t\t<\/div>\n\t\t\t\t<div class=\"elementor-element elementor-element-e26f390 elementor-widget elementor-widget-heading\" data-id=\"e26f390\" data-element_type=\"widget\" data-e-type=\"widget\" data-widget_type=\"heading.default\">\n\t\t\t\t<div class=\"elementor-widget-container\">\n\t\t\t\t\t<h2 class=\"elementor-heading-title elementor-size-default\">Synergy Marketing AI designa a Mike Weiss como Chief Revenue Officer para liderar su crecimiento<\/h2>\t\t\t\t<\/div>\n\t\t\t\t<\/div>\n\t\t\t\t<div class=\"elementor-element elementor-element-0e9d30a elementor-widget elementor-widget-heading\" data-id=\"0e9d30a\" data-element_type=\"widget\" data-e-type=\"widget\" data-widget_type=\"heading.default\">\n\t\t\t\t<div class=\"elementor-widget-container\">\n\t\t\t\t\t<h5 class=\"elementor-heading-title elementor-size-default\">Con m\u00e1s de 30 a\u00f1os de liderazgo en ventas empresariales, Mike Weis se une a Synergy Marketing AI para liderar su crecimiento y elevar su estrategia de comercializaci\u00f3n.<\/h5>\t\t\t\t<\/div>\n\t\t\t\t<\/div>\n\t\t\t\t<div class=\"elementor-element elementor-element-cfcfddd elementor-widget elementor-widget-text-editor\" data-id=\"cfcfddd\" data-element_type=\"widget\" data-e-type=\"widget\" data-widget_type=\"text-editor.default\">\n\t\t\t\t<div class=\"elementor-widget-container\">\n\t\t\t\t\t\t\t\t\t<p><b>Miami, FL -  20 de agosto<\/b><b>, 2025<\/b><span style=\"font-weight: 400;\"> &#8211; <\/span><a href=\"https:\/\/synergygroup.ai\/es\/\"><span style=\"font-weight: 400;\">En Synergy Marketing AI<\/span><\/a><span style=\"font-weight: 400;\">, una agencia de Marketing con servicio completo de inteligencia artificial (IA), con un enfoque basado en el modelo de Marketing como Servicio (MaaS), da hoy la bienvenida <\/span><b>a Mike como nuestro Chief Revenue Officer.<\/b><span style=\"font-weight: 400;\">En este cargo, Mike encabezar\u00e1 la ejecuci\u00f3n de ventas y amplificar\u00e1 las asociaciones estrat\u00e9gicas, especialmente con empresas B2B y SaaS. Aprovechando el modelo MaaS. Synergy Marketing AI fortalecer\u00e1 las soluciones de marketing de extremo a extremo, desde la generaci\u00f3n de clientes potenciales hasta el cierre de acuerdos, a trav\u00e9s de herramientas de IA, estrategias de campa\u00f1a personalizadas y ejecuci\u00f3n escalable.<\/span><\/p><p><span style=\"font-weight: 400;\">Con m\u00e1s de tres d\u00e9cadas de liderazgo en ventas empresariales, Mike Weis aporta un historial comprobado de aceleraci\u00f3n del crecimiento, transformaci\u00f3n estrat\u00e9gica de CX y rendimiento excepcional.<\/span><\/p>\t\t\t\t\t\t\t\t<\/div>\n\t\t\t\t<\/div>\n\t\t<div class=\"elementor-element elementor-element-ddf80c8 e-con-full e-flex e-con e-child\" data-id=\"ddf80c8\" data-element_type=\"container\" data-e-type=\"container\">\n\t\t\t\t<div class=\"elementor-element elementor-element-56882eb elementor-widget elementor-widget-heading\" data-id=\"56882eb\" data-element_type=\"widget\" data-e-type=\"widget\" data-widget_type=\"heading.default\">\n\t\t\t\t<div class=\"elementor-widget-container\">\n\t\t\t\t\t<h2 class=\"elementor-heading-title elementor-size-default\">Aspectos destacados de la trayectoria de Mike Weis<\/h2>\t\t\t\t<\/div>\n\t\t\t\t<\/div>\n\t\t\t\t<div class=\"elementor-element elementor-element-4a94c38 elementor-widget elementor-widget-text-editor\" data-id=\"4a94c38\" data-element_type=\"widget\" data-e-type=\"widget\" data-widget_type=\"text-editor.default\">\n\t\t\t\t<div class=\"elementor-widget-container\">\n\t\t\t\t\t\t\t\t\t<p><span style=\"font-weight: 400;\">En su cargo m\u00e1s reciente como Vicepresidente de Ventas Globales en Avaya, Mike impuls\u00f3 una cuota vertical de BPO de $50M+ y se destac\u00f3 constantemente entre los ejecutivos de mejor desempe\u00f1o. Dise\u00f1\u00f3 e implement\u00f3 la estrategia global de BPO de Avaya, convirtiendo a 21 BPO en integradores de sistemas confiables y socios estrat\u00e9gicos de transformaci\u00f3n de CX.<\/span><\/p><p><span style=\"font-weight: 400;\">Adicionalmente, y durante este tiempo, Mike cre\u00f3 y dirigi\u00f3 un equipo de alto impacto de cinco ejecutivos de ventas s\u00e9nior, entren\u00e1ndolos para navegar por el ecosistema de BPO y cultivar estrategias de crecimiento centradas en los socios. Bajo su liderazgo, las soluciones UCaaS, CCaaS y de nube privada de Avaya se expandieron a trav\u00e9s de socios globales de BPO. Al permitir movimientos efectivos de venta conjunta y entrega conjunta, Mike desempe\u00f1\u00f3 un papel fundamental en la transformaci\u00f3n empresarial en los sectores de servicios financieros, salud, comercio minorista y gobierno. Sus esfuerzos consolidaron a Avaya como un proveedor de plataforma confiable para IA, automatizaci\u00f3n y modernizaci\u00f3n de la experiencia del cliente.<\/span><\/p><p><span style=\"font-weight: 400;\">Antes de su etapa en Avaya, Mike se desempe\u00f1\u00f3 como Vicepresidente Senior de Estrategia y Desarrollo de Negocios en Axim Global. As\u00ed mismo, fund\u00f3 y dirigi\u00f3 varias empresas, entre ellas HM Weis Consulting, AppComm Solutions, Inc. y Symbee, demostrando a\u00fan m\u00e1s su esp\u00edritu emprendedor y su alta capacidad estrat\u00e9gica.<\/span><\/p><p><span style=\"font-weight: 400;\">\"Estamos encantados de dar la bienvenida a Mike Weis como nuestro Chief Sales Officer.\"  Su trayectoria s\u00f3lida de Mike en ventas empresariales y su liderazgo visionario en la transformaci\u00f3n de la experiencia del cliente reforzar\u00e1n nuestra misi\u00f3n de impulsar el crecimiento en m\u00faltiples sectores. Dijo John Colvin, CEO de Synergy Marketing AI. \u201cSu compromiso con el alto rendimiento basado en una aut\u00e9ntica conexi\u00f3n con los clientes refleja perfectamente nuestros valores, y lo posiciona como el l\u00edder ideal  para dirigir nuestra evoluci\u00f3n comercial\".<\/span><\/p>\t\t\t\t\t\t\t\t<\/div>\n\t\t\t\t<\/div>\n\t\t\t\t<\/div>\n\t\t<div class=\"elementor-element elementor-element-8580a02 e-con-full e-flex e-con e-child\" data-id=\"8580a02\" data-element_type=\"container\" data-e-type=\"container\" data-settings=\"{&quot;background_background&quot;:&quot;classic&quot;}\">\n\t\t\t\t<div class=\"elementor-element elementor-element-400c01f elementor-widget elementor-widget-heading\" data-id=\"400c01f\" data-element_type=\"widget\" data-e-type=\"widget\" data-widget_type=\"heading.default\">\n\t\t\t\t<div class=\"elementor-widget-container\">\n\t\t\t\t\t<h2 class=\"elementor-heading-title elementor-size-default\">Acerca de la vida personal de Mike Weis<\/h2>\t\t\t\t<\/div>\n\t\t\t\t<\/div>\n\t\t\t\t<div class=\"elementor-element elementor-element-3ce613e elementor-widget elementor-widget-text-editor\" data-id=\"3ce613e\" data-element_type=\"widget\" data-e-type=\"widget\" data-widget_type=\"text-editor.default\">\n\t\t\t\t<div class=\"elementor-widget-container\">\n\t\t\t\t\t\t\t\t\t<p><span style=\"font-weight: 400;\">Mike Weis reside en Pensacola, Florida, donde est\u00e1 profundamente arraigado en su  familia y en  la naturaleza. Ya sea que pescando en alta mar, haciendo senderismo, jardiner\u00eda o pasando tiempo en el agua, estas pasiones le aportan equilibrio, energ\u00eda renovada y balance en su vida cotidiana. Esta armon\u00eda entre el alto rendimiento y la conexi\u00f3n genuina con el entorno define su estilo de liderazgo.<\/span><\/p>\t\t\t\t\t\t\t\t<\/div>\n\t\t\t\t<\/div>\n\t\t\t\t<\/div>\n\t\t<div class=\"elementor-element elementor-element-950a829 e-con-full e-flex e-con e-child\" data-id=\"950a829\" data-element_type=\"container\" data-e-type=\"container\" data-settings=\"{&quot;background_background&quot;:&quot;classic&quot;}\">\n\t\t\t\t<div class=\"elementor-element elementor-element-5fe2b8a elementor-widget elementor-widget-heading\" data-id=\"5fe2b8a\" data-element_type=\"widget\" data-e-type=\"widget\" data-widget_type=\"heading.default\">\n\t\t\t\t<div class=\"elementor-widget-container\">\n\t\t\t\t\t<h2 class=\"elementor-heading-title elementor-size-default\">Acerca de Synergy Marketing AI<\/h2>\t\t\t\t<\/div>\n\t\t\t\t<\/div>\n\t\t\t\t<div class=\"elementor-element elementor-element-ee7f344 elementor-widget elementor-widget-text-editor\" data-id=\"ee7f344\" data-element_type=\"widget\" data-e-type=\"widget\" data-widget_type=\"text-editor.default\">\n\t\t\t\t<div class=\"elementor-widget-container\">\n\t\t\t\t\t\t\t\t\t<p><span style=\"font-weight: 400;\">Synergy Marketing AI Agency ayuda a las empresas de SaaS y tecnolog\u00eda a lograr un crecimiento excepcional a trav\u00e9s de un marketing inteligente impulsado por IA. Nuestro equipo global ofrece estrategias localizadas y servicios integrales, maximizando el retorno de la inversi\u00f3n a trav\u00e9s de estrechas asociaciones con los clientes.\u00a0<\/span><\/p><p><span style=\"font-weight: 400;\">Para obtener m\u00e1s informaci\u00f3n sobre Synergy Marketing AI y su conjunto completo de servicios, visite:<span style=\"text-decoration: underline;\"><strong>\u00a0<\/strong><\/span><\/span><span style=\"text-decoration: underline;\"><strong><a href=\"https:\/\/synergygroup.ai\/es\/\">www.synergymarketingai.com<\/a><\/strong><\/span><span style=\"font-weight: 400;\">.<\/span><\/p>\t\t\t\t\t\t\t\t<\/div>\n\t\t\t\t<\/div>\n\t\t\t\t<\/div>\n\t\t\t\t<div class=\"elementor-element elementor-element-ff48f6d elementor-position-inline-start elementor-view-default elementor-mobile-position-block-start elementor-widget elementor-widget-icon-box\" data-id=\"ff48f6d\" data-element_type=\"widget\" data-e-type=\"widget\" data-widget_type=\"icon-box.default\">\n\t\t\t\t<div class=\"elementor-widget-container\">\n\t\t\t\t\t\t\t<div class=\"elementor-icon-box-wrapper\">\n\n\t\t\t\t\t\t<div class=\"elementor-icon-box-icon\">\n\t\t\t\t<a href=\"https:\/\/synergygroup.ai\/es\/blog-2\/\" class=\"elementor-icon\" tabindex=\"-1\" aria-label=\"Regresar\">\n\t\t\t\t<svg aria-hidden=\"true\" class=\"e-font-icon-svg e-fas-arrow-left\" viewbox=\"0 0 448 512\" xmlns=\"http:\/\/www.w3.org\/2000\/svg\"><path d=\"M257.5 445.1l-22.2 22.2c-9.4 9.4-24.6 9.4-33.9 0L7 273c-9.4-9.4-9.4-24.6 0-33.9L201.4 44.7c9.4-9.4 24.6-9.4 33.9 0l22.2 22.2c9.5 9.5 9.3 25-.4 34.3L136.6 216H424c13.3 0 24 10.7 24 24v32c0 13.3-10.7 24-24 24H136.6l120.5 114.8c9.8 9.3 10 24.8.4 34.3z\"><\/path><\/svg>\t\t\t\t<\/a>\n\t\t\t<\/div>\n\t\t\t\n\t\t\t\t\t\t<div class=\"elementor-icon-box-content\">\n\n\t\t\t\t\t\t\t\t\t<h3 class=\"elementor-icon-box-title\">\n\t\t\t\t\t\t<a href=\"https:\/\/synergygroup.ai\/es\/blog-2\/\" >\n\t\t\t\t\t\t\tRegresar\t\t\t\t\t\t<\/a>\n\t\t\t\t\t<\/h3>\n\t\t\t\t\n\t\t\t\t\n\t\t\t<\/div>\n\t\t\t\n\t\t<\/div>\n\t\t\t\t\t\t<\/div>\n\t\t\t\t<\/div>\n\t\t\t\t\t<\/div>\n\t\t\t\t<\/div>\n\t\t\t\t<\/div>","protected":false},"excerpt":{"rendered":"<p>Aug 20, 2025 Synergy Marketing AI Agency Appoints Mike Weis as Chief Revenue Officer With over 30 years of enterprise sales leadership, Mike Weis is joining Synergy Marketing AI to spearhead its growth trajectory and elevate its go-to-market strategy. Miami, FL &#8211; August 20, 2025 &#8211; Synergy Marketing AI, a full-service AI agency with a [&hellip;]<\/p>\n","protected":false},"author":1,"featured_media":0,"parent":0,"menu_order":0,"comment_status":"closed","ping_status":"closed","template":"elementor_header_footer","meta":{"content-type":"","site-sidebar-layout":"no-sidebar","site-content-layout":"page-builder","ast-site-content-layout":"full-width-container","site-content-style":"default","site-sidebar-style":"default","ast-global-header-display":"","ast-banner-title-visibility":"","ast-main-header-display":"","ast-hfb-above-header-display":"","ast-hfb-below-header-display":"","ast-hfb-mobile-header-display":"","site-post-title":"disabled","ast-breadcrumbs-content":"","ast-featured-img":"disabled","footer-sml-layout":"","theme-transparent-header-meta":"","adv-header-id-meta":"","stick-header-meta":"","header-above-stick-meta":"","header-main-stick-meta":"","header-below-stick-meta":"","astra-migrate-meta-layouts":"set","ast-page-background-enabled":"default","ast-page-background-meta":{"desktop":{"background-color":"var(--ast-global-color-4)","background-image":"","background-repeat":"repeat","background-position":"center center","background-size":"auto","background-attachment":"scroll","background-type":"","background-media":"","overlay-type":"","overlay-color":"","overlay-opacity":"","overlay-gradient":""},"tablet":{"background-color":"","background-image":"","background-repeat":"repeat","background-position":"center center","background-size":"auto","background-attachment":"scroll","background-type":"","background-media":"","overlay-type":"","overlay-color":"","overlay-opacity":"","overlay-gradient":""},"mobile":{"background-color":"","background-image":"","background-repeat":"repeat","background-position":"center center","background-size":"auto","background-attachment":"scroll","background-type":"","background-media":"","overlay-type":"","overlay-color":"","overlay-opacity":"","overlay-gradient":""}},"ast-content-background-meta":{"desktop":{"background-color":"var(--ast-global-color-5)","background-image":"","background-repeat":"repeat","background-position":"center center","background-size":"auto","background-attachment":"scroll","background-type":"","background-media":"","overlay-type":"","overlay-color":"","overlay-opacity":"","overlay-gradient":""},"tablet":{"background-color":"var(--ast-global-color-5)","background-image":"","background-repeat":"repeat","background-position":"center center","background-size":"auto","background-attachment":"scroll","background-type":"","background-media":"","overlay-type":"","overlay-color":"","overlay-opacity":"","overlay-gradient":""},"mobile":{"background-color":"var(--ast-global-color-5)","background-image":"","background-repeat":"repeat","background-position":"center center","background-size":"auto","background-attachment":"scroll","background-type":"","background-media":"","overlay-type":"","overlay-color":"","overlay-opacity":"","overlay-gradient":""}},"footnotes":""},"class_list":["post-3048","page","type-page","status-publish","hentry"],"rttpg_featured_image_url":null,"rttpg_author":{"display_name":"andres.gomez","author_link":"https:\/\/synergygroup.ai\/es\/author\/andres-gomez\/"},"rttpg_comment":0,"rttpg_category":null,"rttpg_excerpt":"Aug 20, 2025 Synergy Marketing AI Agency Appoints Mike Weis as Chief Revenue Officer With over 30 years of enterprise sales leadership, Mike Weis is joining Synergy Marketing AI to spearhead its growth trajectory and elevate its go-to-market strategy. Miami, FL &#8211; August 20, 2025 &#8211; Synergy Marketing AI, a full-service AI agency with a&hellip;","_links":{"self":[{"href":"https:\/\/synergygroup.ai\/es\/wp-json\/wp\/v2\/pages\/3048","targetHints":{"allow":["GET"]}}],"collection":[{"href":"https:\/\/synergygroup.ai\/es\/wp-json\/wp\/v2\/pages"}],"about":[{"href":"https:\/\/synergygroup.ai\/es\/wp-json\/wp\/v2\/types\/page"}],"author":[{"embeddable":true,"href":"https:\/\/synergygroup.ai\/es\/wp-json\/wp\/v2\/users\/1"}],"replies":[{"embeddable":true,"href":"https:\/\/synergygroup.ai\/es\/wp-json\/wp\/v2\/comments?post=3048"}],"version-history":[{"count":16,"href":"https:\/\/synergygroup.ai\/es\/wp-json\/wp\/v2\/pages\/3048\/revisions"}],"predecessor-version":[{"id":3080,"href":"https:\/\/synergygroup.ai\/es\/wp-json\/wp\/v2\/pages\/3048\/revisions\/3080"}],"wp:attachment":[{"href":"https:\/\/synergygroup.ai\/es\/wp-json\/wp\/v2\/media?parent=3048"}],"curies":[{"name":"wp","href":"https:\/\/api.w.org\/{rel}","templated":true}]}}