{"id":4028,"date":"2026-01-06T22:07:25","date_gmt":"2026-01-06T22:07:25","guid":{"rendered":"https:\/\/synergymarketingai.com\/?page_id=4028"},"modified":"2026-01-07T02:03:52","modified_gmt":"2026-01-07T02:03:52","slug":"synergy-marketing-ai-accelerates-growth-and-expands-offering","status":"publish","type":"page","link":"https:\/\/synergygroup.ai\/es\/synergy-marketing-ai-accelerates-growth-and-expands-offering\/","title":{"rendered":"Synergy Marketing AI Acelera su Crecimiento y Ampl\u00eda su Oferta"},"content":{"rendered":"<div data-elementor-type=\"wp-page\" data-elementor-id=\"4028\" class=\"elementor elementor-4028\" data-elementor-post-type=\"page\">\n\t\t\t\t<div class=\"elementor-element elementor-element-d8f7f41 e-flex e-con-boxed e-con e-parent\" data-id=\"d8f7f41\" data-element_type=\"container\" data-e-type=\"container\">\n\t\t\t\t\t<div class=\"e-con-inner\">\n\t\t\t\t<div class=\"elementor-element elementor-element-5962c98 elementor-widget elementor-widget-text-editor\" data-id=\"5962c98\" data-element_type=\"widget\" data-e-type=\"widget\" data-widget_type=\"text-editor.default\">\n\t\t\t\t<div class=\"elementor-widget-container\">\n\t\t\t\t\t\t\t\t\t<p>Enero 8, 2026<\/p>\t\t\t\t\t\t\t\t<\/div>\n\t\t\t\t<\/div>\n\t\t\t\t<div class=\"elementor-element elementor-element-a07e964 elementor-widget elementor-widget-heading\" data-id=\"a07e964\" data-element_type=\"widget\" data-e-type=\"widget\" data-widget_type=\"heading.default\">\n\t\t\t\t<div class=\"elementor-widget-container\">\n\t\t\t\t\t<h2 class=\"elementor-heading-title elementor-size-default\">Synergy Marketing AI Acelera su Crecimiento y Ampl\u00eda su Oferta<\/h2>\t\t\t\t<\/div>\n\t\t\t\t<\/div>\n\t\t\t\t<div class=\"elementor-element elementor-element-28d9212 elementor-widget elementor-widget-text-editor\" data-id=\"28d9212\" data-element_type=\"widget\" data-e-type=\"widget\" data-widget_type=\"text-editor.default\">\n\t\t\t\t<div class=\"elementor-widget-container\">\n\t\t\t\t\t\t\t\t\t<p><b>Miami, FL \u2013 8 de enero de 2026 <\/b><span style=\"font-weight: 400;\">Synergy Marketing AI anuncia oficialmente su rebranding como\u00a0<\/span><a href=\"https:\/\/synergygroup.ai\/es\/\"><b>Synergy Group AI<\/b><\/a><span style=\"font-weight: 400;\">onsolidando una nueva identidad corporativa, un sitio web renovado y un posicionamiento estrat\u00e9gico alineado con sus objetivos de crecimiento y expansi\u00f3n de portafolio.<\/span><\/p><p><span style=\"font-weight: 400;\">El cambio refleja la evoluci\u00f3n de la compa\u00f1\u00eda hacia un enfoque m\u00e1s integral de transformaci\u00f3n digital con inteligencia artificial, reforzando su compromiso con la innovaci\u00f3n y la entrega de soluciones que generan valor tangible para clientes y socios en las m\u00faltiples industrias que atiende.<\/span><\/p>\t\t\t\t\t\t\t\t<\/div>\n\t\t\t\t<\/div>\n\t\t<div class=\"elementor-element elementor-element-6434a2a e-con-full e-flex e-con e-child\" data-id=\"6434a2a\" data-element_type=\"container\" data-e-type=\"container\">\n\t\t\t\t<div class=\"elementor-element elementor-element-206938d elementor-widget elementor-widget-heading\" data-id=\"206938d\" data-element_type=\"widget\" data-e-type=\"widget\" data-widget_type=\"heading.default\">\n\t\t\t\t<div class=\"elementor-widget-container\">\n\t\t\t\t\t<h2 class=\"elementor-heading-title elementor-size-default\">Principales ejes de esta transformaci\u00f3n:<\/h2>\t\t\t\t<\/div>\n\t\t\t\t<\/div>\n\t\t\t\t<div class=\"elementor-element elementor-element-a968ddd elementor-widget elementor-widget-text-editor\" data-id=\"a968ddd\" data-element_type=\"widget\" data-e-type=\"widget\" data-widget_type=\"text-editor.default\">\n\t\t\t\t<div class=\"elementor-widget-container\">\n\t\t\t\t\t\t\t\t\t<ul><li style=\"font-weight: 400;\" aria-level=\"1\"><b>Direcci\u00f3n estrat\u00e9gica consolidada<\/b><span style=\"font-weight: 400;\">\u00a0Integraci\u00f3n de marketing estrat\u00e9gico, plataformas de comunicaci\u00f3n inteligentes y capacidades avanzadas de inteligencia artificial para optimizar la experiencia del cliente, impulsar el engagement y respaldar el crecimiento sostenible de los ingresos.<\/span><\/li><li style=\"font-weight: 400;\" aria-level=\"1\"><b>Expansi\u00f3n del alcance de mercado<\/b><span style=\"font-weight: 400;\">\u00a0Ampliaci\u00f3n de la base de clientes y fortalecimiento de alianzas estrat\u00e9gicas de primer nivel, que permiten a Synergy Group AI atender a organizaciones m\u00e1s grandes y diversificadas a nivel global.<\/span><\/li><li><span style=\"font-weight: 400;\">\u00a0<\/span><b>Compromiso con la excelencia y la innovaci\u00f3n<\/b><span style=\"font-weight: 400;\">\u00a0El equipo, los valores y la cultura corporativa permanecen s\u00f3lidos, mientras que la compa\u00f1\u00eda refuerza su ambici\u00f3n de liderar la transformaci\u00f3n digital y de ofrecer soluciones de alto impacto a largo plazo.<\/span><\/li><\/ul>\t\t\t\t\t\t\t\t<\/div>\n\t\t\t\t<\/div>\n\t\t\t\t<\/div>\n\t\t\t\t<div class=\"elementor-element elementor-element-0c9a2ea elementor-widget elementor-widget-text-editor\" data-id=\"0c9a2ea\" data-element_type=\"widget\" data-e-type=\"widget\" data-widget_type=\"text-editor.default\">\n\t\t\t\t<div class=\"elementor-widget-container\">\n\t\t\t\t\t\t\t\t\t<p><i><span style=\"font-weight: 400;\">\u201cEste rebranding representa un paso estrat\u00e9gico fundamental. Como\u00a0<\/span><\/i><b><i>Synergy Group AI<\/i><\/b><i><span style=\"font-weight: 400;\">reforzamos nuestra visi\u00f3n y consolidamos nuestro rol como socio tecnol\u00f3gico de confianza para nuestros clientes y socios\u201d,<\/span><\/i><span style=\"font-weight: 400;\">\u00a0<\/span><b>afirm\u00f3 John Colvin, CEO de Synergy Group AI.\u00a0 <\/b><i><span style=\"font-weight: 400;\">\u201cNuestra nueva identidad fortalece nuestro compromiso con la innovaci\u00f3n, el desarrollo de soluciones basadas en inteligencia artificial y la generaci\u00f3n de un impacto medible que impulse el crecimiento sostenible de nuestros clientes\u201d, concluy\u00f3 Colvin.<\/span><\/i><\/p><p><span style=\"font-weight: 400;\">En las pr\u00f3ximas semanas,\u00a0<\/span><b>Synergy Group AI<\/b><span style=\"font-weight: 400;\">\u00a0realizar\u00e1 importantes anuncios y desplegar\u00e1 su nueva identidad en los canales digitales, las comunicaciones con clientes y los materiales operativos.<\/span><\/p>\t\t\t\t\t\t\t\t<\/div>\n\t\t\t\t<\/div>\n\t\t\t\t\t<\/div>\n\t\t\t\t<\/div>\n\t\t<div class=\"elementor-element elementor-element-b3bb10f e-flex e-con-boxed e-con e-parent\" data-id=\"b3bb10f\" data-element_type=\"container\" data-e-type=\"container\">\n\t\t\t\t\t<div class=\"e-con-inner\">\n\t\t<div class=\"elementor-element elementor-element-9adeb2b e-con-full e-flex e-con e-child\" data-id=\"9adeb2b\" data-element_type=\"container\" data-e-type=\"container\">\n\t\t\t\t<div class=\"elementor-element elementor-element-55d9957 elementor-widget elementor-widget-button\" data-id=\"55d9957\" data-element_type=\"widget\" data-e-type=\"widget\" data-widget_type=\"button.default\">\n\t\t\t\t<div class=\"elementor-widget-container\">\n\t\t\t\t\t\t\t\t\t<div class=\"elementor-button-wrapper\">\n\t\t\t\t\t<a class=\"elementor-button elementor-button-link elementor-size-sm\" href=\"\" target=\"_blank\">\n\t\t\t\t\t\t<span class=\"elementor-button-content-wrapper\">\n\t\t\t\t\t\t\t\t\t<span class=\"elementor-button-text\">Visite nuestro website renovado<\/span>\n\t\t\t\t\t<\/span>\n\t\t\t\t\t<\/a>\n\t\t\t\t<\/div>\n\t\t\t\t\t\t\t\t<\/div>\n\t\t\t\t<\/div>\n\t\t\t\t<\/div>\n\t\t<div class=\"elementor-element elementor-element-2281c3d e-con-full e-flex e-con e-child\" data-id=\"2281c3d\" data-element_type=\"container\" data-e-type=\"container\">\n\t\t\t\t<div class=\"elementor-element elementor-element-19ba712 elementor-widget elementor-widget-button\" data-id=\"19ba712\" data-element_type=\"widget\" data-e-type=\"widget\" data-widget_type=\"button.default\">\n\t\t\t\t<div class=\"elementor-widget-container\">\n\t\t\t\t\t\t\t\t\t<div class=\"elementor-button-wrapper\">\n\t\t\t\t\t<a class=\"elementor-button elementor-button-link elementor-size-sm\" href=\"https:\/\/synergygroup.ai\/es\/contact\/\" target=\"_blank\">\n\t\t\t\t\t\t<span class=\"elementor-button-content-wrapper\">\n\t\t\t\t\t\t\t\t\t<span class=\"elementor-button-text\">sesi\u00f3n de estrategia gratuita<\/span>\n\t\t\t\t\t<\/span>\n\t\t\t\t\t<\/a>\n\t\t\t\t<\/div>\n\t\t\t\t\t\t\t\t<\/div>\n\t\t\t\t<\/div>\n\t\t\t\t<\/div>\n\t\t\t\t\t<\/div>\n\t\t\t\t<\/div>\n\t\t<div class=\"elementor-element elementor-element-fd1c5fa e-flex e-con-boxed e-con e-parent\" data-id=\"fd1c5fa\" data-element_type=\"container\" data-e-type=\"container\">\n\t\t\t\t\t<div class=\"e-con-inner\">\n\t\t<div class=\"elementor-element elementor-element-e5953ee e-con-full e-flex e-con e-child\" data-id=\"e5953ee\" data-element_type=\"container\" data-e-type=\"container\" data-settings=\"{&quot;background_background&quot;:&quot;classic&quot;}\">\n\t\t\t\t<div class=\"elementor-element elementor-element-8f06569 elementor-widget elementor-widget-heading\" data-id=\"8f06569\" data-element_type=\"widget\" data-e-type=\"widget\" data-widget_type=\"heading.default\">\n\t\t\t\t<div class=\"elementor-widget-container\">\n\t\t\t\t\t<h2 class=\"elementor-heading-title elementor-size-default\">Acerca de Synergy Group AI<\/h2>\t\t\t\t<\/div>\n\t\t\t\t<\/div>\n\t\t\t\t<div class=\"elementor-element elementor-element-ce29854 elementor-widget elementor-widget-text-editor\" data-id=\"ce29854\" data-element_type=\"widget\" data-e-type=\"widget\" data-widget_type=\"text-editor.default\">\n\t\t\t\t<div class=\"elementor-widget-container\">\n\t\t\t\t\t\t\t\t\t<p><span style=\"font-weight: 400;\">Synergy Group AI combina marketing estrat\u00e9gico, plataformas de comunicaci\u00f3n inteligentes y capacidades avanzadas de IA para ayudar a las organizaciones a mejorar la implicaci\u00f3n, la experiencia del cliente y el crecimiento de los ingresos.<\/span><\/p><p><span style=\"font-weight: 400;\">Impulsados por nuestros principales socios tecnol\u00f3gicos y nuestros Agentes de Ventas Agentic AI de \u00faltima generaci\u00f3n, ofrecemos todo lo que necesitas para impulsar el compromiso y los ingresos, desde una plataforma unificada.<\/span><\/p>\t\t\t\t\t\t\t\t<\/div>\n\t\t\t\t<\/div>\n\t\t\t\t<\/div>\n\t\t\t\t\t<\/div>\n\t\t\t\t<\/div>\n\t\t<div class=\"elementor-element elementor-element-c6b0edf e-flex e-con-boxed e-con e-parent\" data-id=\"c6b0edf\" data-element_type=\"container\" data-e-type=\"container\">\n\t\t\t\t\t<div class=\"e-con-inner\">\n\t\t\t\t<div class=\"elementor-element elementor-element-b0e955e elementor-position-inline-start elementor-view-default elementor-mobile-position-block-start elementor-widget elementor-widget-icon-box\" data-id=\"b0e955e\" data-element_type=\"widget\" data-e-type=\"widget\" data-widget_type=\"icon-box.default\">\n\t\t\t\t<div class=\"elementor-widget-container\">\n\t\t\t\t\t\t\t<div class=\"elementor-icon-box-wrapper\">\n\n\t\t\t\t\t\t<div class=\"elementor-icon-box-icon\">\n\t\t\t\t<a href=\"https:\/\/synergygroup.ai\/es\/blog-2\/\" class=\"elementor-icon\" tabindex=\"-1\" aria-label=\"Regresar\">\n\t\t\t\t<svg aria-hidden=\"true\" class=\"e-font-icon-svg e-fas-arrow-left\" viewbox=\"0 0 448 512\" xmlns=\"http:\/\/www.w3.org\/2000\/svg\"><path d=\"M257.5 445.1l-22.2 22.2c-9.4 9.4-24.6 9.4-33.9 0L7 273c-9.4-9.4-9.4-24.6 0-33.9L201.4 44.7c9.4-9.4 24.6-9.4 33.9 0l22.2 22.2c9.5 9.5 9.3 25-.4 34.3L136.6 216H424c13.3 0 24 10.7 24 24v32c0 13.3-10.7 24-24 24H136.6l120.5 114.8c9.8 9.3 10 24.8.4 34.3z\"><\/path><\/svg>\t\t\t\t<\/a>\n\t\t\t<\/div>\n\t\t\t\n\t\t\t\t\t\t<div class=\"elementor-icon-box-content\">\n\n\t\t\t\t\t\t\t\t\t<h3 class=\"elementor-icon-box-title\">\n\t\t\t\t\t\t<a href=\"https:\/\/synergygroup.ai\/es\/blog-2\/\" >\n\t\t\t\t\t\t\tRegresar\t\t\t\t\t\t<\/a>\n\t\t\t\t\t<\/h3>\n\t\t\t\t\n\t\t\t\t\n\t\t\t<\/div>\n\t\t\t\n\t\t<\/div>\n\t\t\t\t\t\t<\/div>\n\t\t\t\t<\/div>\n\t\t\t\t\t<\/div>\n\t\t\t\t<\/div>\n\t\t\t\t<\/div>","protected":false},"excerpt":{"rendered":"<p>Jan 08, 2026 Synergy Marketing AI Accelerates Growth and Expands Offering Miami, FL \u2013 January 8, 2026 &#8211; Synergy Marketing AI today announced that it has rebranded to\u00a0Synergy Group AI, unveiling a new name, website, and purpose aligned with the company\u2019s long-term strategy and expanding ambitions and offer. The rebrand reflects a shift in how [&hellip;]<\/p>\n","protected":false},"author":1,"featured_media":0,"parent":0,"menu_order":0,"comment_status":"closed","ping_status":"closed","template":"elementor_header_footer","meta":{"content-type":"","site-sidebar-layout":"no-sidebar","site-content-layout":"page-builder","ast-site-content-layout":"full-width-container","site-content-style":"default","site-sidebar-style":"default","ast-global-header-display":"","ast-banner-title-visibility":"","ast-main-header-display":"","ast-hfb-above-header-display":"","ast-hfb-below-header-display":"","ast-hfb-mobile-header-display":"","site-post-title":"disabled","ast-breadcrumbs-content":"","ast-featured-img":"disabled","footer-sml-layout":"","theme-transparent-header-meta":"","adv-header-id-meta":"","stick-header-meta":"","header-above-stick-meta":"","header-main-stick-meta":"","header-below-stick-meta":"","astra-migrate-meta-layouts":"set","ast-page-background-enabled":"default","ast-page-background-meta":{"desktop":{"background-color":"var(--ast-global-color-4)","background-image":"","background-repeat":"repeat","background-position":"center center","background-size":"auto","background-attachment":"scroll","background-type":"","background-media":"","overlay-type":"","overlay-color":"","overlay-opacity":"","overlay-gradient":""},"tablet":{"background-color":"","background-image":"","background-repeat":"repeat","background-position":"center center","background-size":"auto","background-attachment":"scroll","background-type":"","background-media":"","overlay-type":"","overlay-color":"","overlay-opacity":"","overlay-gradient":""},"mobile":{"background-color":"","background-image":"","background-repeat":"repeat","background-position":"center center","background-size":"auto","background-attachment":"scroll","background-type":"","background-media":"","overlay-type":"","overlay-color":"","overlay-opacity":"","overlay-gradient":""}},"ast-content-background-meta":{"desktop":{"background-color":"var(--ast-global-color-5)","background-image":"","background-repeat":"repeat","background-position":"center center","background-size":"auto","background-attachment":"scroll","background-type":"","background-media":"","overlay-type":"","overlay-color":"","overlay-opacity":"","overlay-gradient":""},"tablet":{"background-color":"var(--ast-global-color-5)","background-image":"","background-repeat":"repeat","background-position":"center center","background-size":"auto","background-attachment":"scroll","background-type":"","background-media":"","overlay-type":"","overlay-color":"","overlay-opacity":"","overlay-gradient":""},"mobile":{"background-color":"var(--ast-global-color-5)","background-image":"","background-repeat":"repeat","background-position":"center center","background-size":"auto","background-attachment":"scroll","background-type":"","background-media":"","overlay-type":"","overlay-color":"","overlay-opacity":"","overlay-gradient":""}},"footnotes":""},"class_list":["post-4028","page","type-page","status-publish","hentry"],"rttpg_featured_image_url":null,"rttpg_author":{"display_name":"andres.gomez","author_link":"https:\/\/synergygroup.ai\/es\/author\/andres-gomez\/"},"rttpg_comment":0,"rttpg_category":null,"rttpg_excerpt":"Jan 08, 2026 Synergy Marketing AI Accelerates Growth and Expands Offering Miami, FL \u2013 January 8, 2026 &#8211; Synergy Marketing AI today announced that it has rebranded to\u00a0Synergy Group AI, unveiling a new name, website, and purpose aligned with the company\u2019s long-term strategy and expanding ambitions and offer. The rebrand reflects a shift in how&hellip;","_links":{"self":[{"href":"https:\/\/synergygroup.ai\/es\/wp-json\/wp\/v2\/pages\/4028","targetHints":{"allow":["GET"]}}],"collection":[{"href":"https:\/\/synergygroup.ai\/es\/wp-json\/wp\/v2\/pages"}],"about":[{"href":"https:\/\/synergygroup.ai\/es\/wp-json\/wp\/v2\/types\/page"}],"author":[{"embeddable":true,"href":"https:\/\/synergygroup.ai\/es\/wp-json\/wp\/v2\/users\/1"}],"replies":[{"embeddable":true,"href":"https:\/\/synergygroup.ai\/es\/wp-json\/wp\/v2\/comments?post=4028"}],"version-history":[{"count":7,"href":"https:\/\/synergygroup.ai\/es\/wp-json\/wp\/v2\/pages\/4028\/revisions"}],"predecessor-version":[{"id":4036,"href":"https:\/\/synergygroup.ai\/es\/wp-json\/wp\/v2\/pages\/4028\/revisions\/4036"}],"wp:attachment":[{"href":"https:\/\/synergygroup.ai\/es\/wp-json\/wp\/v2\/media?parent=4028"}],"curies":[{"name":"wp","href":"https:\/\/api.w.org\/{rel}","templated":true}]}}