{"id":4611,"date":"2026-03-23T23:00:52","date_gmt":"2026-03-23T23:00:52","guid":{"rendered":"https:\/\/synergygroup.ai\/?page_id=4611"},"modified":"2026-03-23T23:15:54","modified_gmt":"2026-03-23T23:15:54","slug":"zoom-partner","status":"publish","type":"page","link":"https:\/\/synergygroup.ai\/es\/zoom-partner\/","title":{"rendered":"Zoom partner"},"content":{"rendered":"<div data-elementor-type=\"wp-page\" data-elementor-id=\"4611\" class=\"elementor elementor-4611\" data-elementor-post-type=\"page\">\n\t\t\t\t<div class=\"elementor-element elementor-element-cc233f9 e-flex e-con-boxed e-con e-parent\" data-id=\"cc233f9\" data-element_type=\"container\" data-e-type=\"container\">\n\t\t\t\t\t<div class=\"e-con-inner\">\n\t\t\t\t<div class=\"elementor-element elementor-element-046a61b elementor-widget elementor-widget-text-editor\" data-id=\"046a61b\" data-element_type=\"widget\" data-e-type=\"widget\" data-widget_type=\"text-editor.default\">\n\t\t\t\t<div class=\"elementor-widget-container\">\n\t\t\t\t\t\t\t\t\t<p>Mar 24, 2026<\/p>\t\t\t\t\t\t\t\t<\/div>\n\t\t\t\t<\/div>\n\t\t\t\t<div class=\"elementor-element elementor-element-ad36c16 elementor-widget elementor-widget-heading\" data-id=\"ad36c16\" data-element_type=\"widget\" data-e-type=\"widget\" data-widget_type=\"heading.default\">\n\t\t\t\t<div class=\"elementor-widget-container\">\n\t\t\t\t\t<h2 class=\"elementor-heading-title elementor-size-default\">Synergy Group AI se Convierte en Agencia Autorizada en el Programa de Socios de Canal de Zoom<\/h2>\t\t\t\t<\/div>\n\t\t\t\t<\/div>\n\t\t\t\t<div class=\"elementor-element elementor-element-a4718bf elementor-widget elementor-widget-heading\" data-id=\"a4718bf\" data-element_type=\"widget\" data-e-type=\"widget\" data-widget_type=\"heading.default\">\n\t\t\t\t<div class=\"elementor-widget-container\">\n\t\t\t\t\t<h5 class=\"elementor-heading-title elementor-size-default\">La empresa se une al Programa de Socios de Canal de Zoom, a trav\u00e9s de Jenne, Inc., para ofrecer soluciones de colaboraci\u00f3n impulsadas por IA, UCaaS y CX.<\/h5>\t\t\t\t<\/div>\n\t\t\t\t<\/div>\n\t\t\t\t<div class=\"elementor-element elementor-element-6e43c6f elementor-widget elementor-widget-text-editor\" data-id=\"6e43c6f\" data-element_type=\"widget\" data-e-type=\"widget\" data-widget_type=\"text-editor.default\">\n\t\t\t\t<div class=\"elementor-widget-container\">\n\t\t\t\t\t\t\t\t\t<p class=\"p1 translation-block\"><b> Miami, FL \u2014 24 de marzo de 2026 <\/b> \u2014 <a href=\"https:\/\/synergygroup.ai\/es\/\" target=\"_self\"><span class=\"s1\"><b>Synergy Group AI<\/b><\/span><\/a> anunci\u00f3 hoy que se ha unido al <b> Programa de Socios de Canal de Zoom <\/b> como agencia autorizada a trav\u00e9s de  <a href=\"https:\/\/www.jenne.com\/\" target=\"_self\"><span class=\"s1\">Jenne. inc<\/span><\/a>, un distribuidor de servicios de comunicaciones basados en la nube.<\/p><p class=\"p1\">Como agente autorizado de Zoom, Synergy Group AI apoyar\u00e1 a organizaciones de diversos sectores con la estrategia de plataforma, desplegar\u00e1 y optimizar\u00e1 el <a href=\"https:\/\/www.zoom.com\/en\/products\/collaboration-tools\/?ampDeviceId=ba435d5f-2454-49d6-9a04-fe844d047a2e&amp;ampSessionId=1773937012560\"><span class=\"s1\"><b>ecosistema de Zoom Workplace<\/b><\/span><\/a> \u2014incluyendo <a href=\"https:\/\/www.zoom.com\/en\/products\/virtual-meetings\/?ampDeviceId=ba435d5f-2454-49d6-9a04-fe844d047a2e&amp;ampSessionId=undefined&amp;ampDeviceId=ba435d5f-2454-49d6-9a04-fe844d047a2e&amp;ampSessionId=1773937012560\"><span class=\"s1\"><b>Zoom Meetings<\/b><\/span><\/a>, <a href=\"https:\/\/www.zoom.com\/en\/products\/ai-assistant\/,\"><span class=\"s1\"><b>AI Companion<\/b><\/span><\/a>, <a href=\"https:\/\/www.zoom.com\/en\/products\/voip-phone\/?ampDeviceId=ba435d5f-2454-49d6-9a04-fe844d047a2e&amp;ampSessionId=1773937012560\"><span class=\"s1\"><b>Zoom Phone<\/b><\/span><\/a>, <a href=\"https:\/\/www.zoom.com\/en\/products\/contact-center\/?ampDeviceId=ba435d5f-2454-49d6-9a04-fe844d047a2e&amp;ampSessionId=1773937012560\"><span class=\"s1\"><b>Zoom Contact Center<\/b><\/span><\/a><b>,<\/b> y <a href=\"https:\/\/www.zoom.com\/en\/blog\/meet-zoom-virtual-agent\/\"><span class=\"s1\"><b>Virtual Agent<\/b><\/span><\/a>y proporcionar\u00e1 servicios de asesoramiento continuos, ayudando a los clientes a transformar la comunicaci\u00f3n en una ventaja competitiva.<\/p><p class=\"p1\">En <a href=\"https:\/\/synergygroup.ai\/es\/\"><span class=\"s1\">Synergy Group AI<\/span><\/a>estamos muy entusiasmados con este nuevo hito porque esta colaboraci\u00f3n est\u00e1 estrechamente alineada con nuestro enfoque en tecnolog\u00edas de CX, comunicaciones unificadas e inteligencia operativa impulsada por IA.<b> <\/b>No solo entregamos tecnolog\u00eda, sino que tambi\u00e9n llevamos a cabo la transformaci\u00f3n. Como Agente Autorizado de Zoom, ayudaremos a nuestros clientes a unificar la colaboraci\u00f3n, la comunicaci\u00f3n y el compromiso del cliente en una \u00fanica plataforma impulsada por IA que acelera el crecimiento y simplifica la forma en que se realiza el trabajo.\"<span class=\"Apple-converted-space\">\u00a0 <\/span>Dijo <b>Michael Weis, CRO, Synergy Group AI.<\/b><\/p>\t\t\t\t\t\t\t\t<\/div>\n\t\t\t\t<\/div>\n\t\t<div class=\"elementor-element elementor-element-3ba9a8a e-con-full e-flex e-con e-child\" data-id=\"3ba9a8a\" data-element_type=\"container\" data-e-type=\"container\">\n\t\t\t\t<div class=\"elementor-element elementor-element-932d194 elementor-widget elementor-widget-text-editor\" data-id=\"932d194\" data-element_type=\"widget\" data-e-type=\"widget\" data-widget_type=\"text-editor.default\">\n\t\t\t\t<div class=\"elementor-widget-container\">\n\t\t\t\t\t\t\t\t\t<p class=\"p1\">Los analistas del sector coinciden en que el futuro de la colaboraci\u00f3n reside en <b>plataformas integradas impulsadas por la IA<\/b>En sus <a href=\"https:\/\/my.idc.com\/getdoc.jsp?containerId=US53327626\"><span class=\"s1\"><i>5 principales tendencias en UC&amp;C para 2026,<\/i><\/span><\/a>IDC destaca la convergencia de soluciones de comunicaciones unificadas y centros de contacto, se\u00f1alando que las organizaciones est\u00e1n consolidando proveedores para simplificar las operaciones de TI y permitir los flujos unificados de datos necesarios para la nueva generaci\u00f3n de IA agente. De manera similar, <a href=\"https:\/\/www.frost.com\/news\/press-releases\/frost-sullivan-identifies-top-10-growth-opportunities-in-cloud-communications-and-collaboration-services-for-2026\/\"><span class=\"s1\">Frost &amp; Sullivan<\/span><\/a> identifica las <b>suites completas de espacio de trabajo digital<\/b> como una gran oportunidad de crecimiento para 2026, subrayando la creciente demanda de plataformas que integren la comunicaci\u00f3n, la colaboraci\u00f3n y la IA para impulsar la productividad.<\/p><p>\u00a0<\/p><p class=\"p1\">Con la plataforma Zoom, los empleados pueden colaborar, comunicarse y gestionar las interacciones con los clientes sin tener que cambiar de sistema. Desde reuniones virtuales y voz empresarial hasta operaciones de centros de contacto y mensajer\u00eda de equipo, la plataforma permite a las organizaciones realizar la mayor parte de su trabajo diario en una sola aplicaci\u00f3n.<\/p>\t\t\t\t\t\t\t\t<\/div>\n\t\t\t\t<\/div>\n\t\t\t\t<\/div>\n\t\t\t\t<div class=\"elementor-element elementor-element-e31d687 elementor-widget elementor-widget-text-editor\" data-id=\"e31d687\" data-element_type=\"widget\" data-e-type=\"widget\" data-widget_type=\"text-editor.default\">\n\t\t\t\t<div class=\"elementor-widget-container\">\n\t\t\t\t\t\t\t\t\t<p class=\"p1\">El anuncio refuerza el compromiso de Synergy Group AI de llevar al mercado tecnolog\u00edas de colaboraci\u00f3n y CX de primer nivel, al tiempo que ayuda a las organizaciones a construir equipos m\u00e1s conectados y ofrecer experiencias de cliente m\u00e1s receptivas.<\/p><p class=\"p1\">Durante el \u00faltimo a\u00f1o, Zoom ha recibido m\u00faltiples reconocimientos de las principales firmas globales de analistas del sector, incluyendo ser nombrado L\u00edder en el Cuadrante\u2122 M\u00e1gico de Gartner\u00ae para UCaaS, reconocido en el Cuadrante\u2122 M\u00e1gico de Gartner\u00ae 2025 para CCaaS y  l\u00edder en The Forrester Wave\u2122 para UCaaS 2025, entre muchos otros. Adem\u00e1s de estos reconocimientos de la industria tecnol\u00f3gica, la Academia de Televisi\u00f3n honr\u00f3 a Zoom en 2025 con el<a href=\"https:\/\/news.zoom.com\/zoom-wins-emmy-award-for-innovation-in-broadcast-contribution\/\"><span class=\"s1\">Emmy Award<\/span><\/a>a la Ingenier\u00eda, Ciencia y Tecnolog\u00eda por su innovaci\u00f3n en la radiodifusi\u00f3n.<\/p>\t\t\t\t\t\t\t\t<\/div>\n\t\t\t\t<\/div>\n\t\t\t\t<div class=\"elementor-element elementor-element-40f1f33 elementor-widget elementor-widget-heading\" data-id=\"40f1f33\" data-element_type=\"widget\" data-e-type=\"widget\" data-widget_type=\"heading.default\">\n\t\t\t\t<div class=\"elementor-widget-container\">\n\t\t\t\t\t<h5 class=\"elementor-heading-title elementor-size-default\">Otros recursos<\/h5>\t\t\t\t<\/div>\n\t\t\t\t<\/div>\n\t\t\t\t<div class=\"elementor-element elementor-element-9b218ab elementor-widget elementor-widget-text-editor\" data-id=\"9b218ab\" data-element_type=\"widget\" data-e-type=\"widget\" data-widget_type=\"text-editor.default\">\n\t\t\t\t<div class=\"elementor-widget-container\">\n\t\t\t\t\t\t\t\t\t<p class=\"p1\">Para m\u00e1s informaci\u00f3n sobre c\u00f3mo Synergy Group puede apoyar a tu empresa, visita: <span style=\"text-decoration: underline;\"><a href=\"https:\/\/synergygroup.ai\/es\/\"><span class=\"s1\">www.synergrygroup.ai<\/span><\/a><\/span><\/p>\t\t\t\t\t\t\t\t<\/div>\n\t\t\t\t<\/div>\n\t\t\t\t\t<\/div>\n\t\t\t\t<\/div>\n\t\t<div class=\"elementor-element elementor-element-d38f6da e-flex e-con-boxed e-con e-parent\" data-id=\"d38f6da\" data-element_type=\"container\" data-e-type=\"container\">\n\t\t\t\t\t<div class=\"e-con-inner\">\n\t\t<div class=\"elementor-element elementor-element-4399a04 e-con-full e-flex e-con e-child\" data-id=\"4399a04\" data-element_type=\"container\" data-e-type=\"container\" data-settings=\"{&quot;background_background&quot;:&quot;classic&quot;}\">\n\t\t\t\t<div class=\"elementor-element elementor-element-c893fc4 elementor-widget elementor-widget-heading\" data-id=\"c893fc4\" data-element_type=\"widget\" data-e-type=\"widget\" data-widget_type=\"heading.default\">\n\t\t\t\t<div class=\"elementor-widget-container\">\n\t\t\t\t\t<h2 class=\"elementor-heading-title elementor-size-default\">Acerca de Synergy Group AI<\/h2>\t\t\t\t<\/div>\n\t\t\t\t<\/div>\n\t\t\t\t<div class=\"elementor-element elementor-element-da526c9 elementor-widget elementor-widget-text-editor\" data-id=\"da526c9\" data-element_type=\"widget\" data-e-type=\"widget\" data-widget_type=\"text-editor.default\">\n\t\t\t\t<div class=\"elementor-widget-container\">\n\t\t\t\t\t\t\t\t\t<p class=\"p1\"><span class=\"s1\"><a href=\"https:\/\/synergygroup.ai\/es\/\"><b>Synergy Group AI<\/b><\/a><\/span> es una empresa de asesor\u00eda y soluciones tecnol\u00f3gicas centrada en la interacci\u00f3n con el cliente, la comunicaci\u00f3n impulsada por IA y la transformaci\u00f3n digital. La empresa trabaja con empresas para implementar plataformas modernas de colaboraci\u00f3n, soluciones de comunicaciones unificadas y tecnolog\u00edas inteligentes de experiencia del cliente que ayudan a las organizaciones a operar de forma m\u00e1s eficiente y a construir relaciones m\u00e1s s\u00f3lidas con sus clientes.<\/p>\t\t\t\t\t\t\t\t<\/div>\n\t\t\t\t<\/div>\n\t\t\t\t<\/div>\n\t\t\t\t\t<\/div>\n\t\t\t\t<\/div>\n\t\t\t\t<\/div>","protected":false},"excerpt":{"rendered":"<p>Mar 24, 2026 Synergy Group AI Becomes Authorized Agency in the Zoom Channel Partner Program The company joins the Zoom Channel Partner Program through Jenne, Inc. to deliver AI-Powered Collaboration, UCaaS, and CX Solutions. Miami, FL \u2014 March\u00a0 24, 2026 \u2014 Synergy Group AI today announced that it has joined the Zoom Channel Partner Program [&hellip;]<\/p>\n","protected":false},"author":1,"featured_media":0,"parent":0,"menu_order":0,"comment_status":"closed","ping_status":"closed","template":"elementor_header_footer","meta":{"content-type":"","site-sidebar-layout":"no-sidebar","site-content-layout":"page-builder","ast-site-content-layout":"full-width-container","site-content-style":"default","site-sidebar-style":"default","ast-global-header-display":"","ast-banner-title-visibility":"","ast-main-header-display":"","ast-hfb-above-header-display":"","ast-hfb-below-header-display":"","ast-hfb-mobile-header-display":"","site-post-title":"disabled","ast-breadcrumbs-content":"","ast-featured-img":"disabled","footer-sml-layout":"","theme-transparent-header-meta":"","adv-header-id-meta":"","stick-header-meta":"","header-above-stick-meta":"","header-main-stick-meta":"","header-below-stick-meta":"","astra-migrate-meta-layouts":"set","ast-page-background-enabled":"default","ast-page-background-meta":{"desktop":{"background-color":"var(--ast-global-color-4)","background-image":"","background-repeat":"repeat","background-position":"center center","background-size":"auto","background-attachment":"scroll","background-type":"","background-media":"","overlay-type":"","overlay-color":"","overlay-opacity":"","overlay-gradient":""},"tablet":{"background-color":"","background-image":"","background-repeat":"repeat","background-position":"center center","background-size":"auto","background-attachment":"scroll","background-type":"","background-media":"","overlay-type":"","overlay-color":"","overlay-opacity":"","overlay-gradient":""},"mobile":{"background-color":"","background-image":"","background-repeat":"repeat","background-position":"center center","background-size":"auto","background-attachment":"scroll","background-type":"","background-media":"","overlay-type":"","overlay-color":"","overlay-opacity":"","overlay-gradient":""}},"ast-content-background-meta":{"desktop":{"background-color":"var(--ast-global-color-5)","background-image":"","background-repeat":"repeat","background-position":"center center","background-size":"auto","background-attachment":"scroll","background-type":"","background-media":"","overlay-type":"","overlay-color":"","overlay-opacity":"","overlay-gradient":""},"tablet":{"background-color":"var(--ast-global-color-5)","background-image":"","background-repeat":"repeat","background-position":"center center","background-size":"auto","background-attachment":"scroll","background-type":"","background-media":"","overlay-type":"","overlay-color":"","overlay-opacity":"","overlay-gradient":""},"mobile":{"background-color":"var(--ast-global-color-5)","background-image":"","background-repeat":"repeat","background-position":"center center","background-size":"auto","background-attachment":"scroll","background-type":"","background-media":"","overlay-type":"","overlay-color":"","overlay-opacity":"","overlay-gradient":""}},"footnotes":""},"class_list":["post-4611","page","type-page","status-publish","hentry"],"rttpg_featured_image_url":null,"rttpg_author":{"display_name":"andres.gomez","author_link":"https:\/\/synergygroup.ai\/es\/author\/andres-gomez\/"},"rttpg_comment":0,"rttpg_category":null,"rttpg_excerpt":"Mar 24, 2026 Synergy Group AI Becomes Authorized Agency in the Zoom Channel Partner Program The company joins the Zoom Channel Partner Program through Jenne, Inc. to deliver AI-Powered Collaboration, UCaaS, and CX Solutions. Miami, FL \u2014 March\u00a0 24, 2026 \u2014 Synergy Group AI today announced that it has joined the Zoom Channel Partner Program&hellip;","_links":{"self":[{"href":"https:\/\/synergygroup.ai\/es\/wp-json\/wp\/v2\/pages\/4611","targetHints":{"allow":["GET"]}}],"collection":[{"href":"https:\/\/synergygroup.ai\/es\/wp-json\/wp\/v2\/pages"}],"about":[{"href":"https:\/\/synergygroup.ai\/es\/wp-json\/wp\/v2\/types\/page"}],"author":[{"embeddable":true,"href":"https:\/\/synergygroup.ai\/es\/wp-json\/wp\/v2\/users\/1"}],"replies":[{"embeddable":true,"href":"https:\/\/synergygroup.ai\/es\/wp-json\/wp\/v2\/comments?post=4611"}],"version-history":[{"count":4,"href":"https:\/\/synergygroup.ai\/es\/wp-json\/wp\/v2\/pages\/4611\/revisions"}],"predecessor-version":[{"id":4616,"href":"https:\/\/synergygroup.ai\/es\/wp-json\/wp\/v2\/pages\/4611\/revisions\/4616"}],"wp:attachment":[{"href":"https:\/\/synergygroup.ai\/es\/wp-json\/wp\/v2\/media?parent=4611"}],"curies":[{"name":"wp","href":"https:\/\/api.w.org\/{rel}","templated":true}]}}